{"id":1669,"date":"2024-10-04T17:16:49","date_gmt":"2024-10-04T15:16:49","guid":{"rendered":"https:\/\/ready4pos.fr\/?page_id=1669"},"modified":"2024-10-07T10:31:19","modified_gmt":"2024-10-07T08:31:19","slug":"pizzeria","status":"publish","type":"page","link":"https:\/\/ready4pos.fr\/index.php\/pizzeria\/","title":{"rendered":"Pizzeria"},"content":{"rendered":"\t\t<div data-elementor-type=\"wp-post\" data-elementor-id=\"1669\" class=\"elementor elementor-1669\">\n\t\t\t\t\t\t<section class=\"elementor-section elementor-top-section elementor-element elementor-element-89528fe elementor-section-content-middle elementor-reverse-mobile elementor-section-boxed elementor-section-height-default elementor-section-height-default\" data-id=\"89528fe\" data-element_type=\"section\" data-settings=\"{&quot;background_background&quot;:&quot;gradient&quot;}\">\n\t\t\t\t\t\t<div class=\"elementor-container elementor-column-gap-default\">\n\t\t\t\t\t<div class=\"aux-parallax-section elementor-column elementor-col-50 elementor-top-column elementor-element elementor-element-64c846d\" data-id=\"64c846d\" data-element_type=\"column\">\n\t\t\t<div class=\"elementor-widget-wrap elementor-element-populated\">\n\t\t\t\t\t\t<div class=\"elementor-element elementor-element-94bb3e7 aux-appear-watch-animation aux-mask-from-left elementor-widget elementor-widget-aux_modern_heading\" data-id=\"94bb3e7\" data-element_type=\"widget\" data-widget_type=\"aux_modern_heading.default\">\n\t\t\t\t<div class=\"elementor-widget-container\">\n\t\t\t<section class=\"aux-widget-modern-heading\">\n            <div class=\"aux-widget-inner\"><h2 class=\"aux-modern-heading-primary\"><\/h2><h3 class=\"aux-modern-heading-secondary\"><span class=\"aux-head-before\">Une caisse enregistreuse pour pizzeria moderne et performante<\/span><\/h3><\/div>\n        <\/section>\t\t<\/div>\n\t\t\t\t<\/div>\n\t\t\t\t<div class=\"elementor-element elementor-element-d1ffc09 aux-appear-watch-animation aux-fade-in-right elementor-widget elementor-widget-text-editor\" data-id=\"d1ffc09\" data-element_type=\"widget\" data-widget_type=\"text-editor.default\">\n\t\t\t\t<div class=\"elementor-widget-container\">\n\t\t\t\t\t\t\t<div class=\"aux-bus2-title-divider\">\u00a0<\/div>\t\t\t\t\t\t<\/div>\n\t\t\t\t<\/div>\n\t\t\t\t<div class=\"elementor-element elementor-element-3d01efb aux-appear-watch-animation aux-fade-in-up elementor-widget elementor-widget-text-editor\" data-id=\"3d01efb\" data-element_type=\"widget\" data-widget_type=\"text-editor.default\">\n\t\t\t\t<div class=\"elementor-widget-container\">\n\t\t\t\t\t\t\t<div class=\"col-md-7 col-xmd-6 | offset-xmd-1 | white\"><div class=\"introduction white editor is-special\"><div class=\"col-md-7 col-xmd-6 | offset-xmd-1 | white\"><div class=\"introduction white editor is-special\"><p>La\u00a0<strong>caisse enregistreuse<\/strong>\u00a0effectue de nombreuses op\u00e9rations de caisse et de gestion pour votre pizzeria. Sachant que cet \u00e9quipement est indispensable, autant le s\u00e9lectionner avec soin. Et si vous faisiez le choix d\u2019un syst\u00e8me moderne, complet et ergonomique gr\u00e2ce \u00e0 RESTOMAX\u2009?<\/p><\/div><\/div><\/div><\/div>\t\t\t\t\t\t<\/div>\n\t\t\t\t<\/div>\n\t\t\t\t<div class=\"elementor-element elementor-element-1470615 aux-appear-watch-animation aux-fade-in-right elementor-widget elementor-widget-aux_button\" data-id=\"1470615\" data-element_type=\"widget\" data-widget_type=\"aux_button.default\">\n\t\t\t\t<div class=\"elementor-widget-container\">\n\t\t\t<a  href=\"https:\/\/ready4pos.fr\/index.php\/contact\/\" target=\"_self\"   class=\"aux-button aux-medium aux-carmine-pink aux-curve aux-none aux-uppercase\" ><span class=\"aux-overlay\"><\/span><span class=\"aux-text\">Demo &amp; devis gratuit<\/span><\/a>\t\t<\/div>\n\t\t\t\t<\/div>\n\t\t\t\t\t<\/div>\n\t\t<\/div>\n\t\t\t\t<div class=\"aux-parallax-section elementor-column elementor-col-50 elementor-top-column elementor-element elementor-element-f7825a0 aux-appear-watch-animation aux-mask-from-left\" data-id=\"f7825a0\" data-element_type=\"column\" data-settings=\"{&quot;background_background&quot;:&quot;classic&quot;}\">\n\t\t\t<div class=\"elementor-widget-wrap elementor-element-populated\">\n\t\t\t\t\t\t<div class=\"elementor-element elementor-element-3574bdc elementor-widget elementor-widget-aux_image\" data-id=\"3574bdc\" data-element_type=\"widget\" data-widget_type=\"aux_image.default\">\n\t\t\t\t<div class=\"elementor-widget-container\">\n\t\t\t<section class=\"widget-container aux-widget-image aux-alignnone aux-parent-au519d1473\">\n    <div class=\"aux-media-hint-frame \">\n        <div class=\"aux-media-image \" >\n        \n            \n\n            \n            <img fetchpriority=\"high\" decoding=\"async\" width=\"770\" height=\"613\" src=\"data:image\/gif;base64,R0lGODlhAQABAIAAAAAAAP\/\/\/yH5BAEAAAAALAAAAAABAAEAAAIBRAA7\" class=\"aux-attachment aux-featured-image aux-attachment-id-772 aux-preload aux-blank\" alt=\"interface caisse enregistreuse\" data-ratio=\"1.36\" data-original-w=\"770\" sizes=\"auto\" data-srcset=\"https:\/\/ready4pos.fr\/wp-content\/uploads\/2024\/06\/caisse-enregistreuse-1-770x613-1-150x110.png 150w,https:\/\/ready4pos.fr\/wp-content\/uploads\/2024\/06\/caisse-enregistreuse-1-770x613-1-300x221.png 300w,https:\/\/ready4pos.fr\/wp-content\/uploads\/2024\/06\/caisse-enregistreuse-1-770x613-1-768x566.png 768w,https:\/\/ready4pos.fr\/wp-content\/uploads\/2024\/06\/caisse-enregistreuse-1-770x613-1-858x632.png 770w\" data-src=\"https:\/\/ready4pos.fr\/wp-content\/uploads\/2024\/06\/caisse-enregistreuse-1-770x613-1-858x632.png\" \/>            \n                <\/div>\n    <\/div>\n\n<\/section><!-- widget-container -->\t\t<\/div>\n\t\t\t\t<\/div>\n\t\t\t\t\t<\/div>\n\t\t<\/div>\n\t\t\t\t\t<\/div>\n\t\t<\/section>\n\t\t\t\t<section class=\"elementor-section elementor-top-section elementor-element elementor-element-0032841 elementor-section-content-middle elementor-reverse-mobile elementor-section-boxed elementor-section-height-default elementor-section-height-default\" data-id=\"0032841\" data-element_type=\"section\" data-settings=\"{&quot;background_background&quot;:&quot;gradient&quot;}\">\n\t\t\t\t\t\t<div class=\"elementor-container elementor-column-gap-default\">\n\t\t\t\t\t<div class=\"aux-parallax-section elementor-column elementor-col-50 elementor-top-column elementor-element elementor-element-9914f07 aux-appear-watch-animation aux-mask-from-left\" data-id=\"9914f07\" data-element_type=\"column\">\n\t\t\t<div class=\"elementor-widget-wrap elementor-element-populated\">\n\t\t\t\t\t\t<div class=\"elementor-element elementor-element-ab3f8f6 elementor-widget elementor-widget-aux_image\" data-id=\"ab3f8f6\" data-element_type=\"widget\" data-widget_type=\"aux_image.default\">\n\t\t\t\t<div class=\"elementor-widget-container\">\n\t\t\t<section class=\"widget-container aux-widget-image aux-alignnone aux-parent-aue116fd70\">\n    <div class=\"aux-media-hint-frame \">\n        <div class=\"aux-media-image \" >\n        \n            \n\n            \n            <img decoding=\"async\" width=\"858\" height=\"632\" src=\"data:image\/gif;base64,R0lGODlhAQABAIAAAAAAAP\/\/\/yH5BAEAAAAALAAAAAABAAEAAAIBRAA7\" class=\"aux-attachment aux-featured-image aux-attachment-id-777 aux-preload aux-blank\" alt=\"illustration restomax expert caisse enregistreuse belgique france\" data-ratio=\"1.36\" data-original-w=\"1000\" sizes=\"auto\" data-srcset=\"https:\/\/ready4pos.fr\/wp-content\/uploads\/2024\/06\/restomax-expert-caisse-enregistreuse-belgique-france-1024x1024-1-150x110.webp 150w,https:\/\/ready4pos.fr\/wp-content\/uploads\/2024\/06\/restomax-expert-caisse-enregistreuse-belgique-france-1024x1024-1-300x221.webp 300w,https:\/\/ready4pos.fr\/wp-content\/uploads\/2024\/06\/restomax-expert-caisse-enregistreuse-belgique-france-1024x1024-1-768x566.webp 768w,https:\/\/ready4pos.fr\/wp-content\/uploads\/2024\/06\/restomax-expert-caisse-enregistreuse-belgique-france-1024x1024-1-858x632.webp 858w\" data-src=\"https:\/\/ready4pos.fr\/wp-content\/uploads\/2024\/06\/restomax-expert-caisse-enregistreuse-belgique-france-1024x1024-1-858x632.webp\" \/>            \n                <\/div>\n    <\/div>\n\n<\/section><!-- widget-container -->\t\t<\/div>\n\t\t\t\t<\/div>\n\t\t\t\t\t<\/div>\n\t\t<\/div>\n\t\t\t\t<div class=\"aux-parallax-section elementor-column elementor-col-50 elementor-top-column elementor-element elementor-element-30dce37\" data-id=\"30dce37\" data-element_type=\"column\">\n\t\t\t<div class=\"elementor-widget-wrap elementor-element-populated\">\n\t\t\t\t\t\t<div class=\"elementor-element elementor-element-4a33f8f aux-appear-watch-animation aux-mask-from-left elementor-widget elementor-widget-aux_modern_heading\" data-id=\"4a33f8f\" data-element_type=\"widget\" data-widget_type=\"aux_modern_heading.default\">\n\t\t\t\t<div class=\"elementor-widget-container\">\n\t\t\t<section class=\"aux-widget-modern-heading\">\n            <div class=\"aux-widget-inner\"><h2 class=\"aux-modern-heading-primary\"><\/h2><h3 class=\"aux-modern-heading-secondary\"><span class=\"aux-head-before\">RESTOMAX : un logiciel complet pour votre caisse enregistreuse pizzeria<\/span><\/h3><\/div>\n        <\/section>\t\t<\/div>\n\t\t\t\t<\/div>\n\t\t\t\t<div class=\"elementor-element elementor-element-fe08d10 aux-appear-watch-animation aux-fade-in-right elementor-widget elementor-widget-text-editor\" data-id=\"fe08d10\" data-element_type=\"widget\" data-widget_type=\"text-editor.default\">\n\t\t\t\t<div class=\"elementor-widget-container\">\n\t\t\t\t\t\t\t<div class=\"aux-bus2-title-divider\">\u00a0<\/div>\t\t\t\t\t\t<\/div>\n\t\t\t\t<\/div>\n\t\t\t\t<div class=\"elementor-element elementor-element-8070ee6 aux-appear-watch-animation aux-fade-in-up elementor-widget elementor-widget-text-editor\" data-id=\"8070ee6\" data-element_type=\"widget\" data-widget_type=\"text-editor.default\">\n\t\t\t\t<div class=\"elementor-widget-container\">\n\t\t\t\t\t\t\t<p>Statistiques d\u00e9taill\u00e9es, facturation automatique, gestion de stock simplifi\u00e9e\u2026 avec le logiciel de\u00a0<strong>caisse enregistreuse pour pizzeria<\/strong>\u00a0RESTOMAX, vous b\u00e9n\u00e9ficiez d\u2019un outil complet. Ses options sont diverses, et vous permettent de g\u00e9rer votre pizzeria en toute facilit\u00e9.<\/p><p>Outre les formules classiques, vous avez acc\u00e8s \u00e0 des fonctionnalit\u00e9s modernes, qui vous aideront \u00e0 r\u00e9pondre aux nouvelles habitudes des consommateurs\u00a0:<\/p><ul><li>bornes de commandes\u2009;<\/li><li>QR code\u2009;<\/li><li>int\u00e9gration des plateformes de livraisons (Uber Eats, Deliveroo)\u2009;<\/li><li>encaissement rapide avec carte de d\u00e9bit, cr\u00e9dit et mode cashless<\/li><\/ul><p>Bref, si vous souhaitez gagner en productivit\u00e9 et en comp\u00e9titivit\u00e9, dotez-vous de ce syst\u00e8me ultra-performant.<\/p>\t\t\t\t\t\t<\/div>\n\t\t\t\t<\/div>\n\t\t\t\t\t<\/div>\n\t\t<\/div>\n\t\t\t\t\t<\/div>\n\t\t<\/section>\n\t\t\t\t<section class=\"elementor-section elementor-top-section elementor-element elementor-element-a9a4349 elementor-section-content-middle elementor-reverse-mobile elementor-section-boxed elementor-section-height-default elementor-section-height-default\" data-id=\"a9a4349\" data-element_type=\"section\" data-settings=\"{&quot;background_background&quot;:&quot;gradient&quot;}\">\n\t\t\t\t\t\t<div class=\"elementor-container elementor-column-gap-default\">\n\t\t\t\t\t<div class=\"aux-parallax-section elementor-column elementor-col-50 elementor-top-column elementor-element elementor-element-58cb2e0\" data-id=\"58cb2e0\" data-element_type=\"column\">\n\t\t\t<div class=\"elementor-widget-wrap elementor-element-populated\">\n\t\t\t\t\t\t<div class=\"elementor-element elementor-element-e79387f aux-appear-watch-animation aux-mask-from-left elementor-widget elementor-widget-aux_modern_heading\" data-id=\"e79387f\" data-element_type=\"widget\" data-widget_type=\"aux_modern_heading.default\">\n\t\t\t\t<div class=\"elementor-widget-container\">\n\t\t\t<section class=\"aux-widget-modern-heading\">\n            <div class=\"aux-widget-inner\"><h2 class=\"aux-modern-heading-primary\"><\/h2><h3 class=\"aux-modern-heading-secondary\"><span class=\"aux-head-before\">Un syst\u00e8me de caisse enregistreuse alliant technologie, ergonomie et simplicit\u00e9<\/span><\/h3><\/div>\n        <\/section>\t\t<\/div>\n\t\t\t\t<\/div>\n\t\t\t\t<div class=\"elementor-element elementor-element-f52d3e9 aux-appear-watch-animation aux-fade-in-right elementor-widget elementor-widget-text-editor\" data-id=\"f52d3e9\" data-element_type=\"widget\" data-widget_type=\"text-editor.default\">\n\t\t\t\t<div class=\"elementor-widget-container\">\n\t\t\t\t\t\t\t<div class=\"aux-bus2-title-divider\">\u00a0<\/div>\t\t\t\t\t\t<\/div>\n\t\t\t\t<\/div>\n\t\t\t\t<div class=\"elementor-element elementor-element-bb40fd5 aux-appear-watch-animation aux-fade-in-up elementor-widget elementor-widget-text-editor\" data-id=\"bb40fd5\" data-element_type=\"widget\" data-widget_type=\"text-editor.default\">\n\t\t\t\t<div class=\"elementor-widget-container\">\n\t\t\t\t\t\t\t<div class=\"row justify-content-center\"><div class=\"col-xmd-8\"><div class=\"editor\"><div class=\"row justify-content-center\"><div class=\"col-xmd-8\"><div class=\"editor\"><div class=\"row justify-content-center\"><div class=\"col-xmd-8\"><div class=\"editor\"><p>Avec son interface intuitive, notre\u00a0<strong>caisse enregistreuse<\/strong>\u00a0se r\u00e9v\u00e8le ergonomique, moderne et l\u00e9g\u00e8re. Elle fonctionne sur Android &amp; IOS, ce qui la rend facile \u00e0 manipuler.<\/p><p>Par ailleurs, nous avons opt\u00e9 pour un mod\u00e8le technologique, combinant l\u2019utilisation d\u2019un syst\u00e8me informatique avec un terminal tactile. Quelle que soit la taille de votre \u00e9tablissement, elle vous permettra de suivre avec pr\u00e9cision la salle, le chiffre d\u2019affaires et les commandes.<\/p><p>Le plus\u2009? Elle vous permet de\u00a0:<\/p><ul><li>faire b\u00e9n\u00e9ficier votre \u00e9tablissement des nouvelles technologies\u2009;<\/li><li>optimiser vos co\u00fbts\u2009;<\/li><li>r\u00e9duire vos temps de travail\u2009;<\/li><li>am\u00e9liorer votre rentabilit\u00e9\u2009;<\/li><li>et r\u00e9pondre \u00e0 vos besoins en termes d\u2019ergonomie et de fonctionnalit\u00e9s.<\/li><\/ul><p><strong>En conclusion<\/strong><\/p><p>Notre logiciel de caisse r\u00e9unit toutes les qualit\u00e9s d\u2019un \u00e9quipement moderne, pratique et performant. Sans compter que nous appliquons des prix d\u00e9fiants toute concurrence. Alors, qu\u2019attendez-vous pour adopter RESTOMAX dans votre pizzeria\u2009? Demandez une d\u00e9mo et une offre gratuite\u00a0!<\/p><\/div><\/div><\/div><\/div><\/div><\/div><\/div><\/div><\/div>\t\t\t\t\t\t<\/div>\n\t\t\t\t<\/div>\n\t\t\t\t\t<\/div>\n\t\t<\/div>\n\t\t\t\t<div class=\"aux-parallax-section elementor-column elementor-col-50 elementor-top-column elementor-element elementor-element-1d69453 aux-appear-watch-animation aux-mask-from-left\" data-id=\"1d69453\" data-element_type=\"column\">\n\t\t\t<div class=\"elementor-widget-wrap elementor-element-populated\">\n\t\t\t\t\t\t<div class=\"elementor-element elementor-element-467d05e elementor-widget elementor-widget-aux_image\" data-id=\"467d05e\" data-element_type=\"widget\" data-widget_type=\"aux_image.default\">\n\t\t\t\t<div class=\"elementor-widget-container\">\n\t\t\t<section class=\"widget-container aux-widget-image aux-alignnone aux-parent-au23eb1ffb\">\n    <div class=\"aux-media-hint-frame \">\n        <div class=\"aux-media-image \" >\n        \n            \n\n            \n            <img decoding=\"async\" width=\"858\" height=\"632\" src=\"data:image\/gif;base64,R0lGODlhAQABAIAAAAAAAP\/\/\/yH5BAEAAAAALAAAAAABAAEAAAIBRAA7\" class=\"aux-attachment aux-featured-image aux-attachment-id-777 aux-preload aux-blank\" alt=\"illustration restomax expert caisse enregistreuse belgique france\" data-ratio=\"1.36\" data-original-w=\"1000\" sizes=\"auto\" data-srcset=\"https:\/\/ready4pos.fr\/wp-content\/uploads\/2024\/06\/restomax-expert-caisse-enregistreuse-belgique-france-1024x1024-1-150x110.webp 150w,https:\/\/ready4pos.fr\/wp-content\/uploads\/2024\/06\/restomax-expert-caisse-enregistreuse-belgique-france-1024x1024-1-300x221.webp 300w,https:\/\/ready4pos.fr\/wp-content\/uploads\/2024\/06\/restomax-expert-caisse-enregistreuse-belgique-france-1024x1024-1-768x566.webp 768w,https:\/\/ready4pos.fr\/wp-content\/uploads\/2024\/06\/restomax-expert-caisse-enregistreuse-belgique-france-1024x1024-1-858x632.webp 858w\" data-src=\"https:\/\/ready4pos.fr\/wp-content\/uploads\/2024\/06\/restomax-expert-caisse-enregistreuse-belgique-france-1024x1024-1-858x632.webp\" \/>            \n                <\/div>\n    <\/div>\n\n<\/section><!-- widget-container -->\t\t<\/div>\n\t\t\t\t<\/div>\n\t\t\t\t\t<\/div>\n\t\t<\/div>\n\t\t\t\t\t<\/div>\n\t\t<\/section>\n\t\t\t\t<\/div>\n\t\t","protected":false},"excerpt":{"rendered":"<p>Une caisse enregistreuse pour pizza moderne et performante \u00a0 La\u00a0caisse enregistreuse\u00a0effectue de nombreuses op\u00e9rations de caisse et de gestion pour votre pizzeria. Sachant que cet \u00e9quipement est indispensable, autant le s\u00e9lectionner avec soin. Et si vous faisiez le choix d\u2019un syst\u00e8me moderne, complet et ergonomique gr\u00e2ce \u00e0 RESTOMAX\u2009? Demo &amp; devis gratuit RESTOMAX : un [&hellip;]<\/p>\n","protected":false},"author":1,"featured_media":0,"parent":0,"menu_order":0,"comment_status":"closed","ping_status":"closed","template":"","meta":{"footnotes":""},"class_list":["post-1669","page","type-page","status-publish","hentry"],"yoast_head":"<!-- This site is optimized with the Yoast SEO plugin v24.0 - https:\/\/yoast.com\/wordpress\/plugins\/seo\/ -->\n<title>Caisse enregistreuse pour pizzeria - Ready4POS<\/title>\n<meta name=\"description\" content=\"Optez pour la caisse enregistreuse pour pizzeria pour une gestion simplifi\u00e9e et une satisfaction client accrue.\" \/>\n<meta name=\"robots\" content=\"index, follow, max-snippet:-1, max-image-preview:large, max-video-preview:-1\" \/>\n<link rel=\"canonical\" href=\"https:\/\/ready4pos.fr\/index.php\/pizzeria\/\" \/>\n<meta property=\"og:locale\" content=\"fr_FR\" \/>\n<meta property=\"og:type\" content=\"article\" \/>\n<meta property=\"og:title\" content=\"Caisse enregistreuse pour pizzeria - Ready4POS\" \/>\n<meta property=\"og:description\" content=\"Optez pour la caisse enregistreuse pour pizzeria pour une gestion simplifi\u00e9e et une satisfaction client accrue.\" \/>\n<meta property=\"og:url\" content=\"https:\/\/ready4pos.fr\/index.php\/pizzeria\/\" \/>\n<meta property=\"og:site_name\" content=\"Ready4POS\" \/>\n<meta property=\"article:modified_time\" content=\"2024-10-07T08:31:19+00:00\" \/>\n<meta name=\"twitter:card\" content=\"summary_large_image\" \/>\n<meta name=\"twitter:label1\" content=\"Dur\u00e9e de lecture estim\u00e9e\" \/>\n\t<meta name=\"twitter:data1\" content=\"3 minutes\" \/>\n<script type=\"application\/ld+json\" class=\"yoast-schema-graph\">{\"@context\":\"https:\/\/schema.org\",\"@graph\":[{\"@type\":\"WebPage\",\"@id\":\"https:\/\/ready4pos.fr\/index.php\/pizzeria\/\",\"url\":\"https:\/\/ready4pos.fr\/index.php\/pizzeria\/\",\"name\":\"Caisse enregistreuse pour pizzeria - Ready4POS\",\"isPartOf\":{\"@id\":\"https:\/\/ready4pos.fr\/#website\"},\"datePublished\":\"2024-10-04T15:16:49+00:00\",\"dateModified\":\"2024-10-07T08:31:19+00:00\",\"description\":\"Optez pour la caisse enregistreuse pour pizzeria pour une gestion simplifi\u00e9e et une satisfaction client accrue.\",\"breadcrumb\":{\"@id\":\"https:\/\/ready4pos.fr\/index.php\/pizzeria\/#breadcrumb\"},\"inLanguage\":\"fr-FR\",\"potentialAction\":[{\"@type\":\"ReadAction\",\"target\":[\"https:\/\/ready4pos.fr\/index.php\/pizzeria\/\"]}]},{\"@type\":\"BreadcrumbList\",\"@id\":\"https:\/\/ready4pos.fr\/index.php\/pizzeria\/#breadcrumb\",\"itemListElement\":[{\"@type\":\"ListItem\",\"position\":1,\"name\":\"Accueil\",\"item\":\"https:\/\/ready4pos.fr\/\"},{\"@type\":\"ListItem\",\"position\":2,\"name\":\"Pizzeria\"}]},{\"@type\":\"WebSite\",\"@id\":\"https:\/\/ready4pos.fr\/#website\",\"url\":\"https:\/\/ready4pos.fr\/\",\"name\":\"Ready4POS\",\"description\":\"Digitalisez vos points de vente\",\"publisher\":{\"@id\":\"https:\/\/ready4pos.fr\/#organization\"},\"potentialAction\":[{\"@type\":\"SearchAction\",\"target\":{\"@type\":\"EntryPoint\",\"urlTemplate\":\"https:\/\/ready4pos.fr\/?s={search_term_string}\"},\"query-input\":{\"@type\":\"PropertyValueSpecification\",\"valueRequired\":true,\"valueName\":\"search_term_string\"}}],\"inLanguage\":\"fr-FR\"},{\"@type\":\"Organization\",\"@id\":\"https:\/\/ready4pos.fr\/#organization\",\"name\":\"Ready4POS\",\"url\":\"https:\/\/ready4pos.fr\/\",\"logo\":{\"@type\":\"ImageObject\",\"inLanguage\":\"fr-FR\",\"@id\":\"https:\/\/ready4pos.fr\/#\/schema\/logo\/image\/\",\"url\":\"https:\/\/ready4pos.fr\/wp-content\/uploads\/2024\/04\/cropped-LOGO_READY-4-POS-1.png\",\"contentUrl\":\"https:\/\/ready4pos.fr\/wp-content\/uploads\/2024\/04\/cropped-LOGO_READY-4-POS-1.png\",\"width\":150,\"height\":80,\"caption\":\"Ready4POS\"},\"image\":{\"@id\":\"https:\/\/ready4pos.fr\/#\/schema\/logo\/image\/\"}}]}<\/script>\n<!-- \/ Yoast SEO plugin. -->","yoast_head_json":{"title":"Caisse enregistreuse pour pizzeria - Ready4POS","description":"Optez pour la caisse enregistreuse pour pizzeria pour une gestion simplifi\u00e9e et une satisfaction client accrue.","robots":{"index":"index","follow":"follow","max-snippet":"max-snippet:-1","max-image-preview":"max-image-preview:large","max-video-preview":"max-video-preview:-1"},"canonical":"https:\/\/ready4pos.fr\/index.php\/pizzeria\/","og_locale":"fr_FR","og_type":"article","og_title":"Caisse enregistreuse pour pizzeria - Ready4POS","og_description":"Optez pour la caisse enregistreuse pour pizzeria pour une gestion simplifi\u00e9e et une satisfaction client accrue.","og_url":"https:\/\/ready4pos.fr\/index.php\/pizzeria\/","og_site_name":"Ready4POS","article_modified_time":"2024-10-07T08:31:19+00:00","twitter_card":"summary_large_image","twitter_misc":{"Dur\u00e9e de lecture estim\u00e9e":"3 minutes"},"schema":{"@context":"https:\/\/schema.org","@graph":[{"@type":"WebPage","@id":"https:\/\/ready4pos.fr\/index.php\/pizzeria\/","url":"https:\/\/ready4pos.fr\/index.php\/pizzeria\/","name":"Caisse enregistreuse pour pizzeria - Ready4POS","isPartOf":{"@id":"https:\/\/ready4pos.fr\/#website"},"datePublished":"2024-10-04T15:16:49+00:00","dateModified":"2024-10-07T08:31:19+00:00","description":"Optez pour la caisse enregistreuse pour pizzeria pour une gestion simplifi\u00e9e et une satisfaction client accrue.","breadcrumb":{"@id":"https:\/\/ready4pos.fr\/index.php\/pizzeria\/#breadcrumb"},"inLanguage":"fr-FR","potentialAction":[{"@type":"ReadAction","target":["https:\/\/ready4pos.fr\/index.php\/pizzeria\/"]}]},{"@type":"BreadcrumbList","@id":"https:\/\/ready4pos.fr\/index.php\/pizzeria\/#breadcrumb","itemListElement":[{"@type":"ListItem","position":1,"name":"Accueil","item":"https:\/\/ready4pos.fr\/"},{"@type":"ListItem","position":2,"name":"Pizzeria"}]},{"@type":"WebSite","@id":"https:\/\/ready4pos.fr\/#website","url":"https:\/\/ready4pos.fr\/","name":"Ready4POS","description":"Digitalisez vos points de vente","publisher":{"@id":"https:\/\/ready4pos.fr\/#organization"},"potentialAction":[{"@type":"SearchAction","target":{"@type":"EntryPoint","urlTemplate":"https:\/\/ready4pos.fr\/?s={search_term_string}"},"query-input":{"@type":"PropertyValueSpecification","valueRequired":true,"valueName":"search_term_string"}}],"inLanguage":"fr-FR"},{"@type":"Organization","@id":"https:\/\/ready4pos.fr\/#organization","name":"Ready4POS","url":"https:\/\/ready4pos.fr\/","logo":{"@type":"ImageObject","inLanguage":"fr-FR","@id":"https:\/\/ready4pos.fr\/#\/schema\/logo\/image\/","url":"https:\/\/ready4pos.fr\/wp-content\/uploads\/2024\/04\/cropped-LOGO_READY-4-POS-1.png","contentUrl":"https:\/\/ready4pos.fr\/wp-content\/uploads\/2024\/04\/cropped-LOGO_READY-4-POS-1.png","width":150,"height":80,"caption":"Ready4POS"},"image":{"@id":"https:\/\/ready4pos.fr\/#\/schema\/logo\/image\/"}}]}},"_links":{"self":[{"href":"https:\/\/ready4pos.fr\/index.php\/wp-json\/wp\/v2\/pages\/1669","targetHints":{"allow":["GET"]}}],"collection":[{"href":"https:\/\/ready4pos.fr\/index.php\/wp-json\/wp\/v2\/pages"}],"about":[{"href":"https:\/\/ready4pos.fr\/index.php\/wp-json\/wp\/v2\/types\/page"}],"author":[{"embeddable":true,"href":"https:\/\/ready4pos.fr\/index.php\/wp-json\/wp\/v2\/users\/1"}],"replies":[{"embeddable":true,"href":"https:\/\/ready4pos.fr\/index.php\/wp-json\/wp\/v2\/comments?post=1669"}],"version-history":[{"count":8,"href":"https:\/\/ready4pos.fr\/index.php\/wp-json\/wp\/v2\/pages\/1669\/revisions"}],"predecessor-version":[{"id":1711,"href":"https:\/\/ready4pos.fr\/index.php\/wp-json\/wp\/v2\/pages\/1669\/revisions\/1711"}],"wp:attachment":[{"href":"https:\/\/ready4pos.fr\/index.php\/wp-json\/wp\/v2\/media?parent=1669"}],"curies":[{"name":"wp","href":"https:\/\/api.w.org\/{rel}","templated":true}]}}