{"id":1676,"date":"2024-10-04T17:24:40","date_gmt":"2024-10-04T15:24:40","guid":{"rendered":"https:\/\/ready4pos.fr\/?page_id=1676"},"modified":"2024-10-07T10:32:16","modified_gmt":"2024-10-07T08:32:16","slug":"boulangerie","status":"publish","type":"page","link":"https:\/\/ready4pos.fr\/index.php\/boulangerie\/","title":{"rendered":"Boulangerie"},"content":{"rendered":"\t\t<div data-elementor-type=\"wp-post\" data-elementor-id=\"1676\" class=\"elementor elementor-1676\">\n\t\t\t\t\t\t<section class=\"elementor-section elementor-top-section elementor-element elementor-element-89528fe elementor-section-content-middle elementor-reverse-mobile elementor-section-boxed elementor-section-height-default elementor-section-height-default\" data-id=\"89528fe\" data-element_type=\"section\" data-settings=\"{&quot;background_background&quot;:&quot;gradient&quot;}\">\n\t\t\t\t\t\t<div class=\"elementor-container elementor-column-gap-default\">\n\t\t\t\t\t<div class=\"aux-parallax-section elementor-column elementor-col-50 elementor-top-column elementor-element elementor-element-64c846d\" data-id=\"64c846d\" data-element_type=\"column\">\n\t\t\t<div class=\"elementor-widget-wrap elementor-element-populated\">\n\t\t\t\t\t\t<div class=\"elementor-element elementor-element-94bb3e7 aux-appear-watch-animation aux-mask-from-left elementor-widget elementor-widget-aux_modern_heading\" data-id=\"94bb3e7\" data-element_type=\"widget\" data-widget_type=\"aux_modern_heading.default\">\n\t\t\t\t<div class=\"elementor-widget-container\">\n\t\t\t<section class=\"aux-widget-modern-heading\">\n            <div class=\"aux-widget-inner\"><h2 class=\"aux-modern-heading-primary\"><\/h2><h3 class=\"aux-modern-heading-secondary\"><span class=\"aux-head-before\">Adopter une caisse enregistreuse pour boulangerie de haute qualit\u00e9<\/span><\/h3><\/div>\n        <\/section>\t\t<\/div>\n\t\t\t\t<\/div>\n\t\t\t\t<div class=\"elementor-element elementor-element-d1ffc09 aux-appear-watch-animation aux-fade-in-right elementor-widget elementor-widget-text-editor\" data-id=\"d1ffc09\" data-element_type=\"widget\" data-widget_type=\"text-editor.default\">\n\t\t\t\t<div class=\"elementor-widget-container\">\n\t\t\t\t\t\t\t<div class=\"aux-bus2-title-divider\">\u00a0<\/div>\t\t\t\t\t\t<\/div>\n\t\t\t\t<\/div>\n\t\t\t\t<div class=\"elementor-element elementor-element-3d01efb aux-appear-watch-animation aux-fade-in-up elementor-widget elementor-widget-text-editor\" data-id=\"3d01efb\" data-element_type=\"widget\" data-widget_type=\"text-editor.default\">\n\t\t\t\t<div class=\"elementor-widget-container\">\n\t\t\t\t\t\t\t<div class=\"col-md-7 col-xmd-6 | offset-xmd-1 | white\"><div class=\"introduction white editor is-special\"><p>Indispensable pour optimiser la gestion de sa boulangerie, la\u00a0<strong data-rich-text-format-boundary=\"true\">caisse enregistreuse pour boulangerie<\/strong>\u00a0doit \u00eatre choisie avec soin. Et si vous optiez pour le syst\u00e8me complet et \u00e9volutif de RESTOMAX\u00a0?<\/p><\/div><\/div>\t\t\t\t\t\t<\/div>\n\t\t\t\t<\/div>\n\t\t\t\t<div class=\"elementor-element elementor-element-1470615 aux-appear-watch-animation aux-fade-in-right elementor-widget elementor-widget-aux_button\" data-id=\"1470615\" data-element_type=\"widget\" data-widget_type=\"aux_button.default\">\n\t\t\t\t<div class=\"elementor-widget-container\">\n\t\t\t<a  href=\"https:\/\/ready4pos.fr\/index.php\/contact\/\" target=\"_self\"   class=\"aux-button aux-medium aux-carmine-pink aux-curve aux-none aux-uppercase\" ><span class=\"aux-overlay\"><\/span><span class=\"aux-text\">Demo &amp; devis gratuit<\/span><\/a>\t\t<\/div>\n\t\t\t\t<\/div>\n\t\t\t\t\t<\/div>\n\t\t<\/div>\n\t\t\t\t<div class=\"aux-parallax-section elementor-column elementor-col-50 elementor-top-column elementor-element elementor-element-f7825a0 aux-appear-watch-animation aux-mask-from-left\" data-id=\"f7825a0\" data-element_type=\"column\" data-settings=\"{&quot;background_background&quot;:&quot;classic&quot;}\">\n\t\t\t<div class=\"elementor-widget-wrap elementor-element-populated\">\n\t\t\t\t\t\t<div class=\"elementor-element elementor-element-3574bdc elementor-widget elementor-widget-aux_image\" data-id=\"3574bdc\" data-element_type=\"widget\" data-widget_type=\"aux_image.default\">\n\t\t\t\t<div class=\"elementor-widget-container\">\n\t\t\t<section class=\"widget-container aux-widget-image aux-alignnone aux-parent-auecc63026\">\n    <div class=\"aux-media-hint-frame \">\n        <div class=\"aux-media-image \" >\n        \n            \n\n            \n            <img fetchpriority=\"high\" decoding=\"async\" width=\"770\" height=\"613\" src=\"data:image\/gif;base64,R0lGODlhAQABAIAAAAAAAP\/\/\/yH5BAEAAAAALAAAAAABAAEAAAIBRAA7\" class=\"aux-attachment aux-featured-image aux-attachment-id-772 aux-preload aux-blank\" alt=\"interface caisse enregistreuse\" data-ratio=\"1.36\" data-original-w=\"770\" sizes=\"auto\" data-srcset=\"https:\/\/ready4pos.fr\/wp-content\/uploads\/2024\/06\/caisse-enregistreuse-1-770x613-1-150x110.png 150w,https:\/\/ready4pos.fr\/wp-content\/uploads\/2024\/06\/caisse-enregistreuse-1-770x613-1-300x221.png 300w,https:\/\/ready4pos.fr\/wp-content\/uploads\/2024\/06\/caisse-enregistreuse-1-770x613-1-768x566.png 768w,https:\/\/ready4pos.fr\/wp-content\/uploads\/2024\/06\/caisse-enregistreuse-1-770x613-1-858x632.png 770w\" data-src=\"https:\/\/ready4pos.fr\/wp-content\/uploads\/2024\/06\/caisse-enregistreuse-1-770x613-1-858x632.png\" \/>            \n                <\/div>\n    <\/div>\n\n<\/section><!-- widget-container -->\t\t<\/div>\n\t\t\t\t<\/div>\n\t\t\t\t\t<\/div>\n\t\t<\/div>\n\t\t\t\t\t<\/div>\n\t\t<\/section>\n\t\t\t\t<section class=\"elementor-section elementor-top-section elementor-element elementor-element-0032841 elementor-section-content-middle elementor-reverse-mobile elementor-section-boxed elementor-section-height-default elementor-section-height-default\" data-id=\"0032841\" data-element_type=\"section\" data-settings=\"{&quot;background_background&quot;:&quot;gradient&quot;}\">\n\t\t\t\t\t\t<div class=\"elementor-container elementor-column-gap-default\">\n\t\t\t\t\t<div class=\"aux-parallax-section elementor-column elementor-col-50 elementor-top-column elementor-element elementor-element-9914f07 aux-appear-watch-animation aux-mask-from-left\" data-id=\"9914f07\" data-element_type=\"column\">\n\t\t\t<div class=\"elementor-widget-wrap elementor-element-populated\">\n\t\t\t\t\t\t<div class=\"elementor-element elementor-element-ab3f8f6 elementor-widget elementor-widget-aux_image\" data-id=\"ab3f8f6\" data-element_type=\"widget\" data-widget_type=\"aux_image.default\">\n\t\t\t\t<div class=\"elementor-widget-container\">\n\t\t\t<section class=\"widget-container aux-widget-image aux-alignnone aux-parent-au4570ff28\">\n    <div class=\"aux-media-hint-frame \">\n        <div class=\"aux-media-image \" >\n        \n            \n\n            \n            <img decoding=\"async\" width=\"858\" height=\"632\" src=\"data:image\/gif;base64,R0lGODlhAQABAIAAAAAAAP\/\/\/yH5BAEAAAAALAAAAAABAAEAAAIBRAA7\" class=\"aux-attachment aux-featured-image aux-attachment-id-777 aux-preload aux-blank\" alt=\"illustration restomax expert caisse enregistreuse belgique france\" data-ratio=\"1.36\" data-original-w=\"1000\" sizes=\"auto\" data-srcset=\"https:\/\/ready4pos.fr\/wp-content\/uploads\/2024\/06\/restomax-expert-caisse-enregistreuse-belgique-france-1024x1024-1-150x110.webp 150w,https:\/\/ready4pos.fr\/wp-content\/uploads\/2024\/06\/restomax-expert-caisse-enregistreuse-belgique-france-1024x1024-1-300x221.webp 300w,https:\/\/ready4pos.fr\/wp-content\/uploads\/2024\/06\/restomax-expert-caisse-enregistreuse-belgique-france-1024x1024-1-768x566.webp 768w,https:\/\/ready4pos.fr\/wp-content\/uploads\/2024\/06\/restomax-expert-caisse-enregistreuse-belgique-france-1024x1024-1-858x632.webp 858w\" data-src=\"https:\/\/ready4pos.fr\/wp-content\/uploads\/2024\/06\/restomax-expert-caisse-enregistreuse-belgique-france-1024x1024-1-858x632.webp\" \/>            \n                <\/div>\n    <\/div>\n\n<\/section><!-- widget-container -->\t\t<\/div>\n\t\t\t\t<\/div>\n\t\t\t\t\t<\/div>\n\t\t<\/div>\n\t\t\t\t<div class=\"aux-parallax-section elementor-column elementor-col-50 elementor-top-column elementor-element elementor-element-30dce37\" data-id=\"30dce37\" data-element_type=\"column\">\n\t\t\t<div class=\"elementor-widget-wrap elementor-element-populated\">\n\t\t\t\t\t\t<div class=\"elementor-element elementor-element-4a33f8f aux-appear-watch-animation aux-mask-from-left elementor-widget elementor-widget-aux_modern_heading\" data-id=\"4a33f8f\" data-element_type=\"widget\" data-widget_type=\"aux_modern_heading.default\">\n\t\t\t\t<div class=\"elementor-widget-container\">\n\t\t\t<section class=\"aux-widget-modern-heading\">\n            <div class=\"aux-widget-inner\"><h2 class=\"aux-modern-heading-primary\"><\/h2><h3 class=\"aux-modern-heading-secondary\"><span class=\"aux-head-before\">Une solution de caisse compl\u00e8te pour votre boulangerie<\/span><\/h3><\/div>\n        <\/section>\t\t<\/div>\n\t\t\t\t<\/div>\n\t\t\t\t<div class=\"elementor-element elementor-element-fe08d10 aux-appear-watch-animation aux-fade-in-right elementor-widget elementor-widget-text-editor\" data-id=\"fe08d10\" data-element_type=\"widget\" data-widget_type=\"text-editor.default\">\n\t\t\t\t<div class=\"elementor-widget-container\">\n\t\t\t\t\t\t\t<div class=\"aux-bus2-title-divider\">\u00a0<\/div>\t\t\t\t\t\t<\/div>\n\t\t\t\t<\/div>\n\t\t\t\t<div class=\"elementor-element elementor-element-8070ee6 aux-appear-watch-animation aux-fade-in-up elementor-widget elementor-widget-text-editor\" data-id=\"8070ee6\" data-element_type=\"widget\" data-widget_type=\"text-editor.default\">\n\t\t\t\t<div class=\"elementor-widget-container\">\n\t\t\t\t\t\t\t<div class=\"row justify-content-center\"><div class=\"col-xmd-8\"><div class=\"editor\"><p>Avec son\u00a0<strong>syst\u00e8me de caisse enregistreuse pour boulangerie<\/strong>\u00a0ultra-complet, RESTOMAX vous donne la possibilit\u00e9 de g\u00e9rer toutes les sph\u00e8res de votre activit\u00e9 en toute simplicit\u00e9. De la gestion des stocks \u00e0 la gestion du personnel en passant par la facilitation des encaissements, tous les \u00e9l\u00e9ments de votre boulangerie seront mieux r\u00e9gul\u00e9s avec cette solution \u00e9volutive.<\/p><p>\u00c0 la cl\u00e9, une plus grande rentabilit\u00e9, une meilleure productivit\u00e9 et une autonomie accrue. En effet, la\u00a0<strong>caisse enregistreuse pour boulangerie<\/strong>\u00a0RESTOMAX vous offre une grande modularit\u00e9, vous permettant ainsi de toujours r\u00e9pondre aux diff\u00e9rentes \u00e9volutions de votre business. Parmi ses fonctionnalit\u00e9s\u00a0:<\/p><ul><li><p>Programme de fid\u00e9lit\u00e9<\/p><\/li><li><p>Portail web de statistiques<\/p><\/li><li>Gestion articles et clients \u00e0 distance<\/li><\/ul><p><strong>Une solution de caisse moderne et intuitive pour votre boulangerie<\/strong><\/p><p>\u00c0 la fois ergonomique et pr\u00e9cise, la\u00a0<strong>caisse enregistreuse pour boulangerie\u00a0<\/strong>RESTOMAX est une solution moderne qui vous permettra d\u2019offrir un service de qualit\u00e9 \u00e0 vos clients. En plus d\u2019afficher une grande aisance d\u2019utilisation, elle est dot\u00e9e d\u2019un syst\u00e8me de navigation intuitif qui vous permettra d\u2019effectuer toutes les t\u00e2ches quotidiennes de votre boulangerie sans difficult\u00e9.<\/p><p>Pour permettre \u00e0 votre \u00e9tablissement de rester dans l\u2019air du temps, nous avons, par ailleurs, mis\u00e9 sur un\u00a0<strong>syst\u00e8me de caisse pour boulangerie<\/strong>\u00a0technologique, impliquant notamment\u00a0:<\/p><ul><li><p>la connexion aux plateformes de livraison comme Uber Eats, Deliveroo ou Take Away.<\/p><\/li><li><p>la mise en place d\u2019un syst\u00e8me de QR code pour diffuser la carte plus facilement<\/p><\/li><li>etc.<\/li><\/ul><p><strong>En conclusion<\/strong><\/p><p>RESTOMAX a con\u00e7u la\u00a0<strong>caisse pour boulangerie<\/strong>\u00a0id\u00e9ale. Elle dispose de nombreuses fonctionnalit\u00e9s qui vous permettront de faciliter la gestion de votre \u00e9tablissement. De plus, son interface ergonomique et \u00e9pur\u00e9e garantit une grande facilit\u00e9 d\u2019utilisation.<\/p><\/div><\/div><\/div>\t\t\t\t\t\t<\/div>\n\t\t\t\t<\/div>\n\t\t\t\t\t<\/div>\n\t\t<\/div>\n\t\t\t\t\t<\/div>\n\t\t<\/section>\n\t\t\t\t<\/div>\n\t\t","protected":false},"excerpt":{"rendered":"<p>Adopter une caisse enregistreuse pour boulangerie de haute qualit\u00e9 \u00a0 Indispensable pour optimiser la gestion de sa boulangerie, la\u00a0caisse enregistreuse pour boulangerie\u00a0doit \u00eatre choisie avec soin. Et si vous optiez pour le syst\u00e8me complet et \u00e9volutif de RESTOMAX\u00a0? Demo &amp; devis gratuit Une solution de caisse compl\u00e8te pour votre boulangerie \u00a0 Avec son\u00a0syst\u00e8me de caisse [&hellip;]<\/p>\n","protected":false},"author":1,"featured_media":0,"parent":0,"menu_order":0,"comment_status":"closed","ping_status":"closed","template":"","meta":{"footnotes":""},"class_list":["post-1676","page","type-page","status-publish","hentry"],"yoast_head":"<!-- This site is optimized with the Yoast SEO plugin v24.0 - https:\/\/yoast.com\/wordpress\/plugins\/seo\/ -->\n<title>Caisse enregistreuse pour boulangerie - Ready4POS<\/title>\n<meta name=\"description\" content=\"Optez pour la caisse enregistreuse pour boulangerie pour une gestion simplifi\u00e9e et une satisfaction client accrue.\" \/>\n<meta name=\"robots\" content=\"index, follow, max-snippet:-1, max-image-preview:large, max-video-preview:-1\" \/>\n<link rel=\"canonical\" href=\"https:\/\/ready4pos.fr\/index.php\/boulangerie\/\" \/>\n<meta property=\"og:locale\" content=\"fr_FR\" \/>\n<meta property=\"og:type\" content=\"article\" \/>\n<meta property=\"og:title\" content=\"Caisse enregistreuse pour boulangerie - Ready4POS\" \/>\n<meta property=\"og:description\" content=\"Optez pour la caisse enregistreuse pour boulangerie pour une gestion simplifi\u00e9e et une satisfaction client accrue.\" \/>\n<meta property=\"og:url\" content=\"https:\/\/ready4pos.fr\/index.php\/boulangerie\/\" \/>\n<meta property=\"og:site_name\" content=\"Ready4POS\" \/>\n<meta property=\"article:modified_time\" content=\"2024-10-07T08:32:16+00:00\" \/>\n<meta name=\"twitter:card\" content=\"summary_large_image\" \/>\n<meta name=\"twitter:label1\" content=\"Dur\u00e9e de lecture estim\u00e9e\" \/>\n\t<meta name=\"twitter:data1\" content=\"3 minutes\" \/>\n<script type=\"application\/ld+json\" class=\"yoast-schema-graph\">{\"@context\":\"https:\/\/schema.org\",\"@graph\":[{\"@type\":\"WebPage\",\"@id\":\"https:\/\/ready4pos.fr\/index.php\/boulangerie\/\",\"url\":\"https:\/\/ready4pos.fr\/index.php\/boulangerie\/\",\"name\":\"Caisse enregistreuse pour boulangerie - Ready4POS\",\"isPartOf\":{\"@id\":\"https:\/\/ready4pos.fr\/#website\"},\"datePublished\":\"2024-10-04T15:24:40+00:00\",\"dateModified\":\"2024-10-07T08:32:16+00:00\",\"description\":\"Optez pour la caisse enregistreuse pour boulangerie pour une gestion simplifi\u00e9e et une satisfaction client accrue.\",\"breadcrumb\":{\"@id\":\"https:\/\/ready4pos.fr\/index.php\/boulangerie\/#breadcrumb\"},\"inLanguage\":\"fr-FR\",\"potentialAction\":[{\"@type\":\"ReadAction\",\"target\":[\"https:\/\/ready4pos.fr\/index.php\/boulangerie\/\"]}]},{\"@type\":\"BreadcrumbList\",\"@id\":\"https:\/\/ready4pos.fr\/index.php\/boulangerie\/#breadcrumb\",\"itemListElement\":[{\"@type\":\"ListItem\",\"position\":1,\"name\":\"Accueil\",\"item\":\"https:\/\/ready4pos.fr\/\"},{\"@type\":\"ListItem\",\"position\":2,\"name\":\"Boulangerie\"}]},{\"@type\":\"WebSite\",\"@id\":\"https:\/\/ready4pos.fr\/#website\",\"url\":\"https:\/\/ready4pos.fr\/\",\"name\":\"Ready4POS\",\"description\":\"Digitalisez vos points de vente\",\"publisher\":{\"@id\":\"https:\/\/ready4pos.fr\/#organization\"},\"potentialAction\":[{\"@type\":\"SearchAction\",\"target\":{\"@type\":\"EntryPoint\",\"urlTemplate\":\"https:\/\/ready4pos.fr\/?s={search_term_string}\"},\"query-input\":{\"@type\":\"PropertyValueSpecification\",\"valueRequired\":true,\"valueName\":\"search_term_string\"}}],\"inLanguage\":\"fr-FR\"},{\"@type\":\"Organization\",\"@id\":\"https:\/\/ready4pos.fr\/#organization\",\"name\":\"Ready4POS\",\"url\":\"https:\/\/ready4pos.fr\/\",\"logo\":{\"@type\":\"ImageObject\",\"inLanguage\":\"fr-FR\",\"@id\":\"https:\/\/ready4pos.fr\/#\/schema\/logo\/image\/\",\"url\":\"https:\/\/ready4pos.fr\/wp-content\/uploads\/2024\/04\/cropped-LOGO_READY-4-POS-1.png\",\"contentUrl\":\"https:\/\/ready4pos.fr\/wp-content\/uploads\/2024\/04\/cropped-LOGO_READY-4-POS-1.png\",\"width\":150,\"height\":80,\"caption\":\"Ready4POS\"},\"image\":{\"@id\":\"https:\/\/ready4pos.fr\/#\/schema\/logo\/image\/\"}}]}<\/script>\n<!-- \/ Yoast SEO plugin. -->","yoast_head_json":{"title":"Caisse enregistreuse pour boulangerie - Ready4POS","description":"Optez pour la caisse enregistreuse pour boulangerie pour une gestion simplifi\u00e9e et une satisfaction client accrue.","robots":{"index":"index","follow":"follow","max-snippet":"max-snippet:-1","max-image-preview":"max-image-preview:large","max-video-preview":"max-video-preview:-1"},"canonical":"https:\/\/ready4pos.fr\/index.php\/boulangerie\/","og_locale":"fr_FR","og_type":"article","og_title":"Caisse enregistreuse pour boulangerie - Ready4POS","og_description":"Optez pour la caisse enregistreuse pour boulangerie pour une gestion simplifi\u00e9e et une satisfaction client accrue.","og_url":"https:\/\/ready4pos.fr\/index.php\/boulangerie\/","og_site_name":"Ready4POS","article_modified_time":"2024-10-07T08:32:16+00:00","twitter_card":"summary_large_image","twitter_misc":{"Dur\u00e9e de lecture estim\u00e9e":"3 minutes"},"schema":{"@context":"https:\/\/schema.org","@graph":[{"@type":"WebPage","@id":"https:\/\/ready4pos.fr\/index.php\/boulangerie\/","url":"https:\/\/ready4pos.fr\/index.php\/boulangerie\/","name":"Caisse enregistreuse pour boulangerie - Ready4POS","isPartOf":{"@id":"https:\/\/ready4pos.fr\/#website"},"datePublished":"2024-10-04T15:24:40+00:00","dateModified":"2024-10-07T08:32:16+00:00","description":"Optez pour la caisse enregistreuse pour boulangerie pour une gestion simplifi\u00e9e et une satisfaction client accrue.","breadcrumb":{"@id":"https:\/\/ready4pos.fr\/index.php\/boulangerie\/#breadcrumb"},"inLanguage":"fr-FR","potentialAction":[{"@type":"ReadAction","target":["https:\/\/ready4pos.fr\/index.php\/boulangerie\/"]}]},{"@type":"BreadcrumbList","@id":"https:\/\/ready4pos.fr\/index.php\/boulangerie\/#breadcrumb","itemListElement":[{"@type":"ListItem","position":1,"name":"Accueil","item":"https:\/\/ready4pos.fr\/"},{"@type":"ListItem","position":2,"name":"Boulangerie"}]},{"@type":"WebSite","@id":"https:\/\/ready4pos.fr\/#website","url":"https:\/\/ready4pos.fr\/","name":"Ready4POS","description":"Digitalisez vos points de vente","publisher":{"@id":"https:\/\/ready4pos.fr\/#organization"},"potentialAction":[{"@type":"SearchAction","target":{"@type":"EntryPoint","urlTemplate":"https:\/\/ready4pos.fr\/?s={search_term_string}"},"query-input":{"@type":"PropertyValueSpecification","valueRequired":true,"valueName":"search_term_string"}}],"inLanguage":"fr-FR"},{"@type":"Organization","@id":"https:\/\/ready4pos.fr\/#organization","name":"Ready4POS","url":"https:\/\/ready4pos.fr\/","logo":{"@type":"ImageObject","inLanguage":"fr-FR","@id":"https:\/\/ready4pos.fr\/#\/schema\/logo\/image\/","url":"https:\/\/ready4pos.fr\/wp-content\/uploads\/2024\/04\/cropped-LOGO_READY-4-POS-1.png","contentUrl":"https:\/\/ready4pos.fr\/wp-content\/uploads\/2024\/04\/cropped-LOGO_READY-4-POS-1.png","width":150,"height":80,"caption":"Ready4POS"},"image":{"@id":"https:\/\/ready4pos.fr\/#\/schema\/logo\/image\/"}}]}},"_links":{"self":[{"href":"https:\/\/ready4pos.fr\/index.php\/wp-json\/wp\/v2\/pages\/1676","targetHints":{"allow":["GET"]}}],"collection":[{"href":"https:\/\/ready4pos.fr\/index.php\/wp-json\/wp\/v2\/pages"}],"about":[{"href":"https:\/\/ready4pos.fr\/index.php\/wp-json\/wp\/v2\/types\/page"}],"author":[{"embeddable":true,"href":"https:\/\/ready4pos.fr\/index.php\/wp-json\/wp\/v2\/users\/1"}],"replies":[{"embeddable":true,"href":"https:\/\/ready4pos.fr\/index.php\/wp-json\/wp\/v2\/comments?post=1676"}],"version-history":[{"count":4,"href":"https:\/\/ready4pos.fr\/index.php\/wp-json\/wp\/v2\/pages\/1676\/revisions"}],"predecessor-version":[{"id":1680,"href":"https:\/\/ready4pos.fr\/index.php\/wp-json\/wp\/v2\/pages\/1676\/revisions\/1680"}],"wp:attachment":[{"href":"https:\/\/ready4pos.fr\/index.php\/wp-json\/wp\/v2\/media?parent=1676"}],"curies":[{"name":"wp","href":"https:\/\/api.w.org\/{rel}","templated":true}]}}