{"id":1700,"date":"2024-10-04T17:46:04","date_gmt":"2024-10-04T15:46:04","guid":{"rendered":"https:\/\/ready4pos.fr\/?page_id=1700"},"modified":"2024-10-07T10:46:28","modified_gmt":"2024-10-07T08:46:28","slug":"brasserie","status":"publish","type":"page","link":"https:\/\/ready4pos.fr\/index.php\/brasserie\/","title":{"rendered":"Brasserie"},"content":{"rendered":"\t\t<div data-elementor-type=\"wp-post\" data-elementor-id=\"1700\" class=\"elementor elementor-1700\">\n\t\t\t\t\t\t<section class=\"elementor-section elementor-top-section elementor-element elementor-element-89528fe elementor-section-content-middle elementor-reverse-mobile elementor-section-boxed elementor-section-height-default elementor-section-height-default\" data-id=\"89528fe\" data-element_type=\"section\" data-settings=\"{&quot;background_background&quot;:&quot;gradient&quot;}\">\n\t\t\t\t\t\t<div class=\"elementor-container elementor-column-gap-default\">\n\t\t\t\t\t<div class=\"aux-parallax-section elementor-column elementor-col-50 elementor-top-column elementor-element elementor-element-64c846d\" data-id=\"64c846d\" data-element_type=\"column\">\n\t\t\t<div class=\"elementor-widget-wrap elementor-element-populated\">\n\t\t\t\t\t\t<div class=\"elementor-element elementor-element-94bb3e7 aux-appear-watch-animation aux-mask-from-left elementor-widget elementor-widget-aux_modern_heading\" data-id=\"94bb3e7\" data-element_type=\"widget\" data-widget_type=\"aux_modern_heading.default\">\n\t\t\t\t<div class=\"elementor-widget-container\">\n\t\t\t<section class=\"aux-widget-modern-heading\">\n            <div class=\"aux-widget-inner\"><h2 class=\"aux-modern-heading-primary\"><\/h2><h3 class=\"aux-modern-heading-secondary\"><span class=\"aux-head-before\">Une caisse enregistreuse pour brasserie hautement performante<\/span><\/h3><\/div>\n        <\/section>\t\t<\/div>\n\t\t\t\t<\/div>\n\t\t\t\t<div class=\"elementor-element elementor-element-d1ffc09 aux-appear-watch-animation aux-fade-in-right elementor-widget elementor-widget-text-editor\" data-id=\"d1ffc09\" data-element_type=\"widget\" data-widget_type=\"text-editor.default\">\n\t\t\t\t<div class=\"elementor-widget-container\">\n\t\t\t\t\t\t\t<div class=\"aux-bus2-title-divider\">\u00a0<\/div>\t\t\t\t\t\t<\/div>\n\t\t\t\t<\/div>\n\t\t\t\t<div class=\"elementor-element elementor-element-3d01efb aux-appear-watch-animation aux-fade-in-up elementor-widget elementor-widget-text-editor\" data-id=\"3d01efb\" data-element_type=\"widget\" data-widget_type=\"text-editor.default\">\n\t\t\t\t<div class=\"elementor-widget-container\">\n\t\t\t\t\t\t\t<div class=\"col-md-7 col-xmd-6 | offset-xmd-1 | white\"><div class=\"introduction white editor is-special\"><div class=\"col-md-7 col-xmd-6 | offset-xmd-1 | white\"><div class=\"introduction white editor is-special\"><p>\u00c0 la recherche d\u2019un\u00a0<strong>syst\u00e8me de caisse enregistreuse pour brasserie<\/strong>\u00a0ultra-performant\u00a0? Chez RESTOMAX, nous avons d\u00e9velopp\u00e9 un\u00a0<strong>logiciel de caisse<\/strong> qui m\u00eale modernit\u00e9, facilit\u00e9 d\u2019utilisation et ergonomie.<\/p><\/div><\/div><\/div><\/div>\t\t\t\t\t\t<\/div>\n\t\t\t\t<\/div>\n\t\t\t\t<div class=\"elementor-element elementor-element-1470615 aux-appear-watch-animation aux-fade-in-right elementor-widget elementor-widget-aux_button\" data-id=\"1470615\" data-element_type=\"widget\" data-widget_type=\"aux_button.default\">\n\t\t\t\t<div class=\"elementor-widget-container\">\n\t\t\t<a  href=\"https:\/\/ready4pos.fr\/index.php\/contact\/\" target=\"_self\"   class=\"aux-button aux-medium aux-carmine-pink aux-curve aux-none aux-uppercase\" ><span class=\"aux-overlay\"><\/span><span class=\"aux-text\">Demo &amp; devis gratuit<\/span><\/a>\t\t<\/div>\n\t\t\t\t<\/div>\n\t\t\t\t\t<\/div>\n\t\t<\/div>\n\t\t\t\t<div class=\"aux-parallax-section elementor-column elementor-col-50 elementor-top-column elementor-element elementor-element-f7825a0 aux-appear-watch-animation aux-mask-from-left\" data-id=\"f7825a0\" data-element_type=\"column\" data-settings=\"{&quot;background_background&quot;:&quot;classic&quot;}\">\n\t\t\t<div class=\"elementor-widget-wrap elementor-element-populated\">\n\t\t\t\t\t\t<div class=\"elementor-element elementor-element-3574bdc elementor-widget elementor-widget-aux_image\" data-id=\"3574bdc\" data-element_type=\"widget\" data-widget_type=\"aux_image.default\">\n\t\t\t\t<div class=\"elementor-widget-container\">\n\t\t\t<section class=\"widget-container aux-widget-image aux-alignnone aux-parent-aub3143bca\">\n    <div class=\"aux-media-hint-frame \">\n        <div class=\"aux-media-image \" >\n        \n            \n\n            \n            <img fetchpriority=\"high\" decoding=\"async\" width=\"770\" height=\"613\" src=\"data:image\/gif;base64,R0lGODlhAQABAIAAAAAAAP\/\/\/yH5BAEAAAAALAAAAAABAAEAAAIBRAA7\" class=\"aux-attachment aux-featured-image aux-attachment-id-772 aux-preload aux-blank\" alt=\"interface caisse enregistreuse\" data-ratio=\"1.36\" data-original-w=\"770\" sizes=\"auto\" data-srcset=\"https:\/\/ready4pos.fr\/wp-content\/uploads\/2024\/06\/caisse-enregistreuse-1-770x613-1-150x110.png 150w,https:\/\/ready4pos.fr\/wp-content\/uploads\/2024\/06\/caisse-enregistreuse-1-770x613-1-300x221.png 300w,https:\/\/ready4pos.fr\/wp-content\/uploads\/2024\/06\/caisse-enregistreuse-1-770x613-1-768x566.png 768w,https:\/\/ready4pos.fr\/wp-content\/uploads\/2024\/06\/caisse-enregistreuse-1-770x613-1-858x632.png 770w\" data-src=\"https:\/\/ready4pos.fr\/wp-content\/uploads\/2024\/06\/caisse-enregistreuse-1-770x613-1-858x632.png\" \/>            \n                <\/div>\n    <\/div>\n\n<\/section><!-- widget-container -->\t\t<\/div>\n\t\t\t\t<\/div>\n\t\t\t\t\t<\/div>\n\t\t<\/div>\n\t\t\t\t\t<\/div>\n\t\t<\/section>\n\t\t\t\t<section class=\"elementor-section elementor-top-section elementor-element elementor-element-0032841 elementor-section-content-middle elementor-reverse-mobile elementor-section-boxed elementor-section-height-default elementor-section-height-default\" data-id=\"0032841\" data-element_type=\"section\" data-settings=\"{&quot;background_background&quot;:&quot;gradient&quot;}\">\n\t\t\t\t\t\t<div class=\"elementor-container elementor-column-gap-default\">\n\t\t\t\t\t<div class=\"aux-parallax-section elementor-column elementor-col-50 elementor-top-column elementor-element elementor-element-9914f07 aux-appear-watch-animation aux-mask-from-left\" data-id=\"9914f07\" data-element_type=\"column\">\n\t\t\t<div class=\"elementor-widget-wrap elementor-element-populated\">\n\t\t\t\t\t\t<div class=\"elementor-element elementor-element-b2706f9 elementor-widget elementor-widget-aux_image\" data-id=\"b2706f9\" data-element_type=\"widget\" data-widget_type=\"aux_image.default\">\n\t\t\t\t<div class=\"elementor-widget-container\">\n\t\t\t<section class=\"widget-container aux-widget-image aux-alignnone aux-parent-au8200caa5\">\n    <div class=\"aux-media-hint-frame \">\n        <div class=\"aux-media-image \" >\n        \n            \n\n            \n            <img decoding=\"async\" width=\"1000\" height=\"1000\" src=\"https:\/\/ready4pos.fr\/wp-content\/uploads\/2024\/06\/restomax-expert-caisse-enregistreuse-belgique-france-1024x1024-1-1024x1024.webp\" class=\"aux-attachment aux-featured-image aux-attachment-id-777\" alt=\"illustration restomax expert caisse enregistreuse belgique france\" srcset=\"https:\/\/ready4pos.fr\/wp-content\/uploads\/2024\/06\/restomax-expert-caisse-enregistreuse-belgique-france-1024x1024-1-150x150.webp 150w,https:\/\/ready4pos.fr\/wp-content\/uploads\/2024\/06\/restomax-expert-caisse-enregistreuse-belgique-france-1024x1024-1-300x300.webp 300w,https:\/\/ready4pos.fr\/wp-content\/uploads\/2024\/06\/restomax-expert-caisse-enregistreuse-belgique-france-1024x1024-1-768x768.webp 768w,https:\/\/ready4pos.fr\/wp-content\/uploads\/2024\/06\/restomax-expert-caisse-enregistreuse-belgique-france-1024x1024-1-1024x1024.webp 1000w\" data-ratio=\"1\" data-original-w=\"1000\" sizes=\"(max-width:479px) 480px,(max-width:767px) 768px,(max-width:1023px) 1024px,1000px\" \/>            \n                <\/div>\n    <\/div>\n\n<\/section><!-- widget-container -->\t\t<\/div>\n\t\t\t\t<\/div>\n\t\t\t\t\t<\/div>\n\t\t<\/div>\n\t\t\t\t<div class=\"aux-parallax-section elementor-column elementor-col-50 elementor-top-column elementor-element elementor-element-30dce37\" data-id=\"30dce37\" data-element_type=\"column\">\n\t\t\t<div class=\"elementor-widget-wrap elementor-element-populated\">\n\t\t\t\t\t\t<div class=\"elementor-element elementor-element-4a33f8f aux-appear-watch-animation aux-mask-from-left elementor-widget elementor-widget-aux_modern_heading\" data-id=\"4a33f8f\" data-element_type=\"widget\" data-widget_type=\"aux_modern_heading.default\">\n\t\t\t\t<div class=\"elementor-widget-container\">\n\t\t\t<section class=\"aux-widget-modern-heading\">\n            <div class=\"aux-widget-inner\"><h2 class=\"aux-modern-heading-primary\"><\/h2><h3 class=\"aux-modern-heading-secondary\"><span class=\"aux-head-before\">Des fonctionnalit\u00e9s compl\u00e8tes pour une gestion intelligente de votre brasserie<\/span><\/h3><\/div>\n        <\/section>\t\t<\/div>\n\t\t\t\t<\/div>\n\t\t\t\t<div class=\"elementor-element elementor-element-fe08d10 aux-appear-watch-animation aux-fade-in-right elementor-widget elementor-widget-text-editor\" data-id=\"fe08d10\" data-element_type=\"widget\" data-widget_type=\"text-editor.default\">\n\t\t\t\t<div class=\"elementor-widget-container\">\n\t\t\t\t\t\t\t<div class=\"aux-bus2-title-divider\">\u00a0<\/div>\t\t\t\t\t\t<\/div>\n\t\t\t\t<\/div>\n\t\t\t\t<div class=\"elementor-element elementor-element-8070ee6 aux-appear-watch-animation aux-fade-in-up elementor-widget elementor-widget-text-editor\" data-id=\"8070ee6\" data-element_type=\"widget\" data-widget_type=\"text-editor.default\">\n\t\t\t\t<div class=\"elementor-widget-container\">\n\t\t\t\t\t\t\t<p>Dot\u00e9e d\u2019un \u00e9cosyst\u00e8me ultra-complet, notre\u00a0<strong>caisse enregistreuse pour brasserie<\/strong>\u00a0est con\u00e7ue pour permettre une gestion simplifi\u00e9e de votre activit\u00e9. Comment\u00a0? En vous donnant acc\u00e8s \u00e0 des fonctionnalit\u00e9s innovantes pour optimiser la qualit\u00e9 et la productivit\u00e9 de votre brasserie. Ainsi, notre caisse peut facilement \u00eatre int\u00e9gr\u00e9e \u00e0 votre syst\u00e8me de\u00a0:<\/p><ul><li>gestion de stock,<\/li><li>suivi de production,<\/li><li>gestion de salle,<\/li><li>gestion de commande,<\/li><li>facturation,<\/li><li>etc.<\/li><\/ul><p>De plus, gr\u00e2ce \u00e0 son interface intuitif, elle est particuli\u00e8rement simple \u00e0 utiliser\u00a0!<\/p><p>\u00a0<\/p>\t\t\t\t\t\t<\/div>\n\t\t\t\t<\/div>\n\t\t\t\t\t<\/div>\n\t\t<\/div>\n\t\t\t\t\t<\/div>\n\t\t<\/section>\n\t\t\t\t<section class=\"elementor-section elementor-top-section elementor-element elementor-element-a9a4349 elementor-section-content-middle elementor-reverse-mobile elementor-section-boxed elementor-section-height-default elementor-section-height-default\" data-id=\"a9a4349\" data-element_type=\"section\" data-settings=\"{&quot;background_background&quot;:&quot;gradient&quot;}\">\n\t\t\t\t\t\t<div class=\"elementor-container elementor-column-gap-default\">\n\t\t\t\t\t<div class=\"aux-parallax-section elementor-column elementor-col-50 elementor-top-column elementor-element elementor-element-58cb2e0\" data-id=\"58cb2e0\" data-element_type=\"column\">\n\t\t\t<div class=\"elementor-widget-wrap elementor-element-populated\">\n\t\t\t\t\t\t<div class=\"elementor-element elementor-element-e79387f aux-appear-watch-animation aux-mask-from-left elementor-widget elementor-widget-aux_modern_heading\" data-id=\"e79387f\" data-element_type=\"widget\" data-widget_type=\"aux_modern_heading.default\">\n\t\t\t\t<div class=\"elementor-widget-container\">\n\t\t\t<section class=\"aux-widget-modern-heading\">\n            <div class=\"aux-widget-inner\"><h2 class=\"aux-modern-heading-primary\"><\/h2><h3 class=\"aux-modern-heading-secondary\"><span class=\"aux-head-before\">Une solution de caisse enregistreuse \u00e0 la pointe de la technologie pour votre brasserie<\/span><\/h3><\/div>\n        <\/section>\t\t<\/div>\n\t\t\t\t<\/div>\n\t\t\t\t<div class=\"elementor-element elementor-element-f52d3e9 aux-appear-watch-animation aux-fade-in-right elementor-widget elementor-widget-text-editor\" data-id=\"f52d3e9\" data-element_type=\"widget\" data-widget_type=\"text-editor.default\">\n\t\t\t\t<div class=\"elementor-widget-container\">\n\t\t\t\t\t\t\t<div class=\"aux-bus2-title-divider\">\u00a0<\/div>\t\t\t\t\t\t<\/div>\n\t\t\t\t<\/div>\n\t\t\t\t<div class=\"elementor-element elementor-element-bb40fd5 aux-appear-watch-animation aux-fade-in-up elementor-widget elementor-widget-text-editor\" data-id=\"bb40fd5\" data-element_type=\"widget\" data-widget_type=\"text-editor.default\">\n\t\t\t\t<div class=\"elementor-widget-container\">\n\t\t\t\t\t\t\t<div class=\"row justify-content-center\"><div class=\"col-xmd-8\"><div class=\"editor\"><div class=\"row justify-content-center\"><div class=\"col-xmd-8\"><div class=\"editor\"><p>Int\u00e9grant une technologie de pointe, notre\u00a0<strong>caisse enregistreuse horeca<\/strong>\u00a0vous permet de b\u00e9n\u00e9ficier d\u2019une solution moderne et avanc\u00e9e pour votre brasserie.<\/p><p>Elle vous offre notamment la possibilit\u00e9 de recevoir des commandes en ligne, puisqu\u2019elle peut se connecter avec les plateformes de livraison comme Uber Eats ou Deliveroo.<\/p><p>Le syst\u00e8me Click &amp; Collect permet \u00e9galement \u00e0 vos clients de lire le menu et d\u2019encoder leur commande directement via un QR code. Rapidit\u00e9, confort et simplicit\u00e9 sont donc au rendez-vous.<\/p><p>Fonctionnant sur Android et IOS, notre\u00a0<strong>caisse enregistreuse pour brasserie<\/strong>\u00a0peut \u00eatre utilis\u00e9e de n\u2019importe o\u00f9. Par ailleurs, elle vous offre une vue d\u2019ensemble, en temps r\u00e9el, sur vos statistiques de vente.<\/p><p><strong>En conclusion<\/strong><\/p><p>Notre\u00a0<strong>logiciel de caisse pour brasserie<\/strong>\u00a0vous permet de g\u00e9rer l\u2019ensemble de vos activit\u00e9s avec une grande simplicit\u00e9. Gr\u00e2ce \u00e0 ses nombreuses fonctionnalit\u00e9s alliant confort et modernit\u00e9, elle vous fait gagner du temps et de l\u2019argent. Elle vous permet \u00e9galement de moderniser votre brasserie.<\/p><\/div><\/div><\/div><\/div><\/div><\/div>\t\t\t\t\t\t<\/div>\n\t\t\t\t<\/div>\n\t\t\t\t\t<\/div>\n\t\t<\/div>\n\t\t\t\t<div class=\"aux-parallax-section elementor-column elementor-col-50 elementor-top-column elementor-element elementor-element-1d69453 aux-appear-watch-animation aux-mask-from-left\" data-id=\"1d69453\" data-element_type=\"column\">\n\t\t\t<div class=\"elementor-widget-wrap elementor-element-populated\">\n\t\t\t\t\t\t<div class=\"elementor-element elementor-element-57863b0 elementor-widget elementor-widget-video\" data-id=\"57863b0\" data-element_type=\"widget\" data-settings=\"{&quot;youtube_url&quot;:&quot;https:\\\/\\\/youtu.be\\\/XdaiQdIvXVQ&quot;,&quot;mute&quot;:&quot;yes&quot;,&quot;lazy_load&quot;:&quot;yes&quot;,&quot;video_type&quot;:&quot;youtube&quot;,&quot;controls&quot;:&quot;yes&quot;}\" data-widget_type=\"video.default\">\n\t\t\t\t<div class=\"elementor-widget-container\">\n\t\t\t\t\t<div class=\"elementor-wrapper elementor-open-inline\">\n\t\t\t<div class=\"elementor-video\"><\/div>\t\t<\/div>\n\t\t\t\t<\/div>\n\t\t\t\t<\/div>\n\t\t\t\t\t<\/div>\n\t\t<\/div>\n\t\t\t\t\t<\/div>\n\t\t<\/section>\n\t\t\t\t<\/div>\n\t\t","protected":false},"excerpt":{"rendered":"<p>Une caisse enregistreuse pour brasserie hautement performante \u00a0 \u00c0 la recherche d\u2019un\u00a0syst\u00e8me de caisse enregistreuse pour brasserie\u00a0ultra-performant\u00a0? Chez RESTOMAX, nous avons d\u00e9velopp\u00e9 un\u00a0logiciel de caisse qui m\u00eale modernit\u00e9, facilit\u00e9 d\u2019utilisation et ergonomie. Demo &amp; devis gratuit Des fonctionnalit\u00e9s compl\u00e8tes pour une gestion intelligente de votre brasserie \u00a0 Dot\u00e9e d\u2019un \u00e9cosyst\u00e8me ultra-complet, notre\u00a0caisse enregistreuse pour brasserie\u00a0est [&hellip;]<\/p>\n","protected":false},"author":1,"featured_media":0,"parent":0,"menu_order":0,"comment_status":"closed","ping_status":"closed","template":"","meta":{"footnotes":""},"class_list":["post-1700","page","type-page","status-publish","hentry"],"yoast_head":"<!-- This site is optimized with the Yoast SEO plugin v24.0 - https:\/\/yoast.com\/wordpress\/plugins\/seo\/ -->\n<title>Caisse enregistreuse pour brasserie - Ready4POS<\/title>\n<meta name=\"description\" content=\"Optez pour la caisse enregistreuse pour brasserie pour une gestion simplifi\u00e9e et une satisfaction client accrue.\" \/>\n<meta name=\"robots\" content=\"index, follow, max-snippet:-1, max-image-preview:large, max-video-preview:-1\" \/>\n<link rel=\"canonical\" href=\"https:\/\/ready4pos.fr\/index.php\/brasserie\/\" \/>\n<meta property=\"og:locale\" content=\"fr_FR\" \/>\n<meta property=\"og:type\" content=\"article\" \/>\n<meta property=\"og:title\" content=\"Caisse enregistreuse pour brasserie - Ready4POS\" \/>\n<meta property=\"og:description\" content=\"Optez pour la caisse enregistreuse pour brasserie pour une gestion simplifi\u00e9e et une satisfaction client accrue.\" \/>\n<meta property=\"og:url\" content=\"https:\/\/ready4pos.fr\/index.php\/brasserie\/\" \/>\n<meta property=\"og:site_name\" content=\"Ready4POS\" \/>\n<meta property=\"article:modified_time\" content=\"2024-10-07T08:46:28+00:00\" \/>\n<meta property=\"og:image\" content=\"https:\/\/ready4pos.fr\/wp-content\/uploads\/2024\/06\/restomax-expert-caisse-enregistreuse-belgique-france-1024x1024-1.webp\" \/>\n<meta name=\"twitter:card\" content=\"summary_large_image\" \/>\n<meta name=\"twitter:label1\" content=\"Dur\u00e9e de lecture estim\u00e9e\" \/>\n\t<meta name=\"twitter:data1\" content=\"2 minutes\" \/>\n<script type=\"application\/ld+json\" class=\"yoast-schema-graph\">{\"@context\":\"https:\/\/schema.org\",\"@graph\":[{\"@type\":\"WebPage\",\"@id\":\"https:\/\/ready4pos.fr\/index.php\/brasserie\/\",\"url\":\"https:\/\/ready4pos.fr\/index.php\/brasserie\/\",\"name\":\"Caisse enregistreuse pour brasserie - Ready4POS\",\"isPartOf\":{\"@id\":\"https:\/\/ready4pos.fr\/#website\"},\"primaryImageOfPage\":{\"@id\":\"https:\/\/ready4pos.fr\/index.php\/brasserie\/#primaryimage\"},\"image\":{\"@id\":\"https:\/\/ready4pos.fr\/index.php\/brasserie\/#primaryimage\"},\"thumbnailUrl\":\"https:\/\/ready4pos.fr\/wp-content\/uploads\/2024\/06\/restomax-expert-caisse-enregistreuse-belgique-france-1024x1024-1.webp\",\"datePublished\":\"2024-10-04T15:46:04+00:00\",\"dateModified\":\"2024-10-07T08:46:28+00:00\",\"description\":\"Optez pour la caisse enregistreuse pour brasserie pour une gestion simplifi\u00e9e et une satisfaction client accrue.\",\"breadcrumb\":{\"@id\":\"https:\/\/ready4pos.fr\/index.php\/brasserie\/#breadcrumb\"},\"inLanguage\":\"fr-FR\",\"potentialAction\":[{\"@type\":\"ReadAction\",\"target\":[\"https:\/\/ready4pos.fr\/index.php\/brasserie\/\"]}]},{\"@type\":\"ImageObject\",\"inLanguage\":\"fr-FR\",\"@id\":\"https:\/\/ready4pos.fr\/index.php\/brasserie\/#primaryimage\",\"url\":\"https:\/\/ready4pos.fr\/wp-content\/uploads\/2024\/06\/restomax-expert-caisse-enregistreuse-belgique-france-1024x1024-1.webp\",\"contentUrl\":\"https:\/\/ready4pos.fr\/wp-content\/uploads\/2024\/06\/restomax-expert-caisse-enregistreuse-belgique-france-1024x1024-1.webp\",\"width\":1000,\"height\":1000,\"caption\":\"illustration restomax expert caisse enregistreuse belgique france\"},{\"@type\":\"BreadcrumbList\",\"@id\":\"https:\/\/ready4pos.fr\/index.php\/brasserie\/#breadcrumb\",\"itemListElement\":[{\"@type\":\"ListItem\",\"position\":1,\"name\":\"Accueil\",\"item\":\"https:\/\/ready4pos.fr\/\"},{\"@type\":\"ListItem\",\"position\":2,\"name\":\"Brasserie\"}]},{\"@type\":\"WebSite\",\"@id\":\"https:\/\/ready4pos.fr\/#website\",\"url\":\"https:\/\/ready4pos.fr\/\",\"name\":\"Ready4POS\",\"description\":\"Digitalisez vos points de vente\",\"publisher\":{\"@id\":\"https:\/\/ready4pos.fr\/#organization\"},\"potentialAction\":[{\"@type\":\"SearchAction\",\"target\":{\"@type\":\"EntryPoint\",\"urlTemplate\":\"https:\/\/ready4pos.fr\/?s={search_term_string}\"},\"query-input\":{\"@type\":\"PropertyValueSpecification\",\"valueRequired\":true,\"valueName\":\"search_term_string\"}}],\"inLanguage\":\"fr-FR\"},{\"@type\":\"Organization\",\"@id\":\"https:\/\/ready4pos.fr\/#organization\",\"name\":\"Ready4POS\",\"url\":\"https:\/\/ready4pos.fr\/\",\"logo\":{\"@type\":\"ImageObject\",\"inLanguage\":\"fr-FR\",\"@id\":\"https:\/\/ready4pos.fr\/#\/schema\/logo\/image\/\",\"url\":\"https:\/\/ready4pos.fr\/wp-content\/uploads\/2024\/04\/cropped-LOGO_READY-4-POS-1.png\",\"contentUrl\":\"https:\/\/ready4pos.fr\/wp-content\/uploads\/2024\/04\/cropped-LOGO_READY-4-POS-1.png\",\"width\":150,\"height\":80,\"caption\":\"Ready4POS\"},\"image\":{\"@id\":\"https:\/\/ready4pos.fr\/#\/schema\/logo\/image\/\"}}]}<\/script>\n<!-- \/ Yoast SEO plugin. -->","yoast_head_json":{"title":"Caisse enregistreuse pour brasserie - Ready4POS","description":"Optez pour la caisse enregistreuse pour brasserie pour une gestion simplifi\u00e9e et une satisfaction client accrue.","robots":{"index":"index","follow":"follow","max-snippet":"max-snippet:-1","max-image-preview":"max-image-preview:large","max-video-preview":"max-video-preview:-1"},"canonical":"https:\/\/ready4pos.fr\/index.php\/brasserie\/","og_locale":"fr_FR","og_type":"article","og_title":"Caisse enregistreuse pour brasserie - Ready4POS","og_description":"Optez pour la caisse enregistreuse pour brasserie pour une gestion simplifi\u00e9e et une satisfaction client accrue.","og_url":"https:\/\/ready4pos.fr\/index.php\/brasserie\/","og_site_name":"Ready4POS","article_modified_time":"2024-10-07T08:46:28+00:00","og_image":[{"url":"https:\/\/ready4pos.fr\/wp-content\/uploads\/2024\/06\/restomax-expert-caisse-enregistreuse-belgique-france-1024x1024-1.webp","type":"","width":"","height":""}],"twitter_card":"summary_large_image","twitter_misc":{"Dur\u00e9e de lecture estim\u00e9e":"2 minutes"},"schema":{"@context":"https:\/\/schema.org","@graph":[{"@type":"WebPage","@id":"https:\/\/ready4pos.fr\/index.php\/brasserie\/","url":"https:\/\/ready4pos.fr\/index.php\/brasserie\/","name":"Caisse enregistreuse pour brasserie - Ready4POS","isPartOf":{"@id":"https:\/\/ready4pos.fr\/#website"},"primaryImageOfPage":{"@id":"https:\/\/ready4pos.fr\/index.php\/brasserie\/#primaryimage"},"image":{"@id":"https:\/\/ready4pos.fr\/index.php\/brasserie\/#primaryimage"},"thumbnailUrl":"https:\/\/ready4pos.fr\/wp-content\/uploads\/2024\/06\/restomax-expert-caisse-enregistreuse-belgique-france-1024x1024-1.webp","datePublished":"2024-10-04T15:46:04+00:00","dateModified":"2024-10-07T08:46:28+00:00","description":"Optez pour la caisse enregistreuse pour brasserie pour une gestion simplifi\u00e9e et une satisfaction client accrue.","breadcrumb":{"@id":"https:\/\/ready4pos.fr\/index.php\/brasserie\/#breadcrumb"},"inLanguage":"fr-FR","potentialAction":[{"@type":"ReadAction","target":["https:\/\/ready4pos.fr\/index.php\/brasserie\/"]}]},{"@type":"ImageObject","inLanguage":"fr-FR","@id":"https:\/\/ready4pos.fr\/index.php\/brasserie\/#primaryimage","url":"https:\/\/ready4pos.fr\/wp-content\/uploads\/2024\/06\/restomax-expert-caisse-enregistreuse-belgique-france-1024x1024-1.webp","contentUrl":"https:\/\/ready4pos.fr\/wp-content\/uploads\/2024\/06\/restomax-expert-caisse-enregistreuse-belgique-france-1024x1024-1.webp","width":1000,"height":1000,"caption":"illustration restomax expert caisse enregistreuse belgique france"},{"@type":"BreadcrumbList","@id":"https:\/\/ready4pos.fr\/index.php\/brasserie\/#breadcrumb","itemListElement":[{"@type":"ListItem","position":1,"name":"Accueil","item":"https:\/\/ready4pos.fr\/"},{"@type":"ListItem","position":2,"name":"Brasserie"}]},{"@type":"WebSite","@id":"https:\/\/ready4pos.fr\/#website","url":"https:\/\/ready4pos.fr\/","name":"Ready4POS","description":"Digitalisez vos points de vente","publisher":{"@id":"https:\/\/ready4pos.fr\/#organization"},"potentialAction":[{"@type":"SearchAction","target":{"@type":"EntryPoint","urlTemplate":"https:\/\/ready4pos.fr\/?s={search_term_string}"},"query-input":{"@type":"PropertyValueSpecification","valueRequired":true,"valueName":"search_term_string"}}],"inLanguage":"fr-FR"},{"@type":"Organization","@id":"https:\/\/ready4pos.fr\/#organization","name":"Ready4POS","url":"https:\/\/ready4pos.fr\/","logo":{"@type":"ImageObject","inLanguage":"fr-FR","@id":"https:\/\/ready4pos.fr\/#\/schema\/logo\/image\/","url":"https:\/\/ready4pos.fr\/wp-content\/uploads\/2024\/04\/cropped-LOGO_READY-4-POS-1.png","contentUrl":"https:\/\/ready4pos.fr\/wp-content\/uploads\/2024\/04\/cropped-LOGO_READY-4-POS-1.png","width":150,"height":80,"caption":"Ready4POS"},"image":{"@id":"https:\/\/ready4pos.fr\/#\/schema\/logo\/image\/"}}]}},"_links":{"self":[{"href":"https:\/\/ready4pos.fr\/index.php\/wp-json\/wp\/v2\/pages\/1700","targetHints":{"allow":["GET"]}}],"collection":[{"href":"https:\/\/ready4pos.fr\/index.php\/wp-json\/wp\/v2\/pages"}],"about":[{"href":"https:\/\/ready4pos.fr\/index.php\/wp-json\/wp\/v2\/types\/page"}],"author":[{"embeddable":true,"href":"https:\/\/ready4pos.fr\/index.php\/wp-json\/wp\/v2\/users\/1"}],"replies":[{"embeddable":true,"href":"https:\/\/ready4pos.fr\/index.php\/wp-json\/wp\/v2\/comments?post=1700"}],"version-history":[{"count":4,"href":"https:\/\/ready4pos.fr\/index.php\/wp-json\/wp\/v2\/pages\/1700\/revisions"}],"predecessor-version":[{"id":1704,"href":"https:\/\/ready4pos.fr\/index.php\/wp-json\/wp\/v2\/pages\/1700\/revisions\/1704"}],"wp:attachment":[{"href":"https:\/\/ready4pos.fr\/index.php\/wp-json\/wp\/v2\/media?parent=1700"}],"curies":[{"name":"wp","href":"https:\/\/api.w.org\/{rel}","templated":true}]}}