{"id":298,"date":"2024-05-24T15:11:15","date_gmt":"2024-05-24T13:11:15","guid":{"rendered":"https:\/\/ready4pos.fr\/?page_id=298"},"modified":"2024-10-07T15:50:14","modified_gmt":"2024-10-07T13:50:14","slug":"solutions-materiel","status":"publish","type":"page","link":"https:\/\/ready4pos.fr\/index.php\/solutions-materiel\/","title":{"rendered":"Solutions mat\u00e9riel"},"content":{"rendered":"\t\t<div data-elementor-type=\"wp-post\" data-elementor-id=\"298\" class=\"elementor elementor-298\">\n\t\t\t\t\t\t<section class=\"elementor-section elementor-top-section elementor-element elementor-element-7b40035c elementor-section-boxed elementor-section-height-default elementor-section-height-default\" data-id=\"7b40035c\" data-element_type=\"section\">\n\t\t\t\t\t\t<div class=\"elementor-container elementor-column-gap-default\">\n\t\t\t\t\t<div class=\"aux-parallax-section elementor-column elementor-col-100 elementor-top-column elementor-element elementor-element-75ea53cd\" data-id=\"75ea53cd\" data-element_type=\"column\">\n\t\t\t<div class=\"elementor-widget-wrap elementor-element-populated\">\n\t\t\t\t\t\t<section class=\"elementor-section elementor-inner-section elementor-element elementor-element-35912e74 elementor-section-boxed elementor-section-height-default elementor-section-height-default\" data-id=\"35912e74\" data-element_type=\"section\">\n\t\t\t\t\t\t<div class=\"elementor-container elementor-column-gap-default\">\n\t\t\t\t\t<div class=\"aux-parallax-section elementor-column elementor-col-25 elementor-inner-column elementor-element elementor-element-5e100c02 aux-appear-watch-animation aux-fade-in-right-1\" data-id=\"5e100c02\" data-element_type=\"column\">\n\t\t\t<div class=\"elementor-widget-wrap elementor-element-populated\">\n\t\t\t\t\t\t<div class=\"elementor-element elementor-element-2c23780e aux-appear-watch-animation aux-fade-in-right-2 elementor-widget elementor-widget-aux_text\" data-id=\"2c23780e\" data-element_type=\"widget\" data-widget_type=\"aux_text.default\">\n\t\t\t\t<div class=\"elementor-widget-container\">\n\t\t\t<section class=\"widget-container aux-widget-text aux-parent-auacd4b334\">        <div class=\"aux-widget-advanced-text aux-wrap-style-simple aux-ico-pos-top aux-text- aux-text-resp- aux-text-color-dark aux-text-widget-bg-center aux-text-no-content \" >\n        \n                            <div class=\"aux-text-widget-header \"  >\n                        <div class=\"aux-ico-box aux-ico-large aux-img-box aux-ico-shape-default aux-ico-clear \">\n                                                                <img fetchpriority=\"high\" decoding=\"async\" width=\"450\" height=\"300\" src=\"https:\/\/ready4pos.fr\/wp-content\/uploads\/2024\/08\/orchestra-handbook-ds9-s9-orderman7-1.png\" class=\"aux-attachment aux-featured-image aux-attachment-id-1327\" alt=\"Orchestra handbook p\u00e9riph\u00e9rique caisse\" data-ratio=\"1.5\" data-original-w=\"450\" \/>                                                    <\/div>\n                <\/div>\n            \n            <div class=\"aux-text-inner aux-text-widget-content\">\n                                <h4 class=\"col-title\"><a href=\"https:\/\/ready4pos.fr\/index.php\/nos-peripheriques-caisses\/\">Nos p\u00e9riph\u00e9riques caisses<\/a><\/h4>\n                            <\/div>\n        <\/div>\n                    <div class=\"aux-text-widget-footer\">\n                <div class=\"aux-border-shape-none \">\n                                <\/div>\n            <\/div>\n        \n<\/section><!-- widget-container -->\t\t<\/div>\n\t\t\t\t<\/div>\n\t\t\t\t\t<\/div>\n\t\t<\/div>\n\t\t\t\t<div class=\"aux-parallax-section elementor-column elementor-col-25 elementor-inner-column elementor-element elementor-element-5b2e6d3f aux-appear-watch-animation aux-fade-in-right-1\" data-id=\"5b2e6d3f\" data-element_type=\"column\">\n\t\t\t<div class=\"elementor-widget-wrap elementor-element-populated\">\n\t\t\t\t\t\t<div class=\"elementor-element elementor-element-300c3ab3 aux-appear-watch-animation aux-fade-in-right-2 elementor-widget elementor-widget-aux_text\" data-id=\"300c3ab3\" data-element_type=\"widget\" data-widget_type=\"aux_text.default\">\n\t\t\t\t<div class=\"elementor-widget-container\">\n\t\t\t<section class=\"widget-container aux-widget-text aux-parent-au0e30cae0\">        <div class=\"aux-widget-advanced-text aux-wrap-style-simple aux-ico-pos-top aux-text- aux-text-resp- aux-text-color-dark aux-text-widget-bg-center aux-text-no-content \" >\n        \n                            <div class=\"aux-text-widget-header \"  >\n                        <div class=\"aux-ico-box aux-ico-large aux-img-box aux-ico-shape-default aux-ico-clear \">\n                                                                <img decoding=\"async\" width=\"455\" height=\"455\" src=\"https:\/\/ready4pos.fr\/wp-content\/uploads\/2024\/08\/cashdro-52.jpg\" class=\"aux-attachment aux-featured-image aux-attachment-id-1288\" alt=\"Tous nos monnayeurs se connectent aux logiciels POS Orchestra Software, aux balances Marques et aux solutions tablettes Android HIOPOS Cloud, vous aurez l&#039;embarras du choix.\" data-ratio=\"1\" data-original-w=\"455\" \/>                                                    <\/div>\n                <\/div>\n            \n            <div class=\"aux-text-inner aux-text-widget-content\">\n                                <h4 class=\"col-title\"><a href=\"https:\/\/ready4pos.fr\/index.php\/monnayeurs\/\">Monnayeurs<\/a><\/h4>\n                            <\/div>\n        <\/div>\n                    <div class=\"aux-text-widget-footer\">\n                <div class=\"aux-border-shape-none \">\n                                <\/div>\n            <\/div>\n        \n<\/section><!-- widget-container -->\t\t<\/div>\n\t\t\t\t<\/div>\n\t\t\t\t\t<\/div>\n\t\t<\/div>\n\t\t\t\t<div class=\"aux-parallax-section elementor-column elementor-col-25 elementor-inner-column elementor-element elementor-element-6e59025f aux-appear-watch-animation aux-fade-in-right-1\" data-id=\"6e59025f\" data-element_type=\"column\">\n\t\t\t<div class=\"elementor-widget-wrap elementor-element-populated\">\n\t\t\t\t\t\t<div class=\"elementor-element elementor-element-3def2235 aux-appear-watch-animation aux-fade-in-right-2 elementor-widget elementor-widget-aux_text\" data-id=\"3def2235\" data-element_type=\"widget\" data-widget_type=\"aux_text.default\">\n\t\t\t\t<div class=\"elementor-widget-container\">\n\t\t\t<section class=\"widget-container aux-widget-text aux-parent-au643209c0\">        <div class=\"aux-widget-advanced-text aux-wrap-style-simple aux-ico-pos-top aux-text- aux-text-resp- aux-text-color-dark aux-text-widget-bg-center aux-text-no-content \" >\n        \n                            <div class=\"aux-text-widget-header \"  >\n                        <div class=\"aux-ico-box aux-ico-large aux-img-box aux-ico-shape-default aux-ico-clear \">\n                                                                <img decoding=\"async\" width=\"1200\" height=\"800\" src=\"https:\/\/ready4pos.fr\/wp-content\/uploads\/2024\/06\/bornes.png\" class=\"aux-attachment aux-featured-image aux-attachment-id-961\" alt=\"Borne de commande restomax avec beeper et TPE\" data-ratio=\"1.5\" data-original-w=\"1200\" \/>                                                    <\/div>\n                <\/div>\n            \n            <div class=\"aux-text-inner aux-text-widget-content\">\n                                <h4 class=\"col-title\"><a href=\"https:\/\/ready4pos.fr\/index.php\/les-bornes-tactiles\/\">Bornes tactiles<\/a><\/h4>\n                            <\/div>\n        <\/div>\n                    <div class=\"aux-text-widget-footer\">\n                <div class=\"aux-border-shape-none \">\n                                <\/div>\n            <\/div>\n        \n<\/section><!-- widget-container -->\t\t<\/div>\n\t\t\t\t<\/div>\n\t\t\t\t\t<\/div>\n\t\t<\/div>\n\t\t\t\t<div class=\"aux-parallax-section elementor-column elementor-col-25 elementor-inner-column elementor-element elementor-element-5d7498db aux-appear-watch-animation aux-fade-in-right-1\" data-id=\"5d7498db\" data-element_type=\"column\">\n\t\t\t<div class=\"elementor-widget-wrap elementor-element-populated\">\n\t\t\t\t\t\t<div class=\"elementor-element elementor-element-39a0da50 aux-appear-watch-animation aux-fade-in-right-2 elementor-widget elementor-widget-aux_text\" data-id=\"39a0da50\" data-element_type=\"widget\" data-widget_type=\"aux_text.default\">\n\t\t\t\t<div class=\"elementor-widget-container\">\n\t\t\t<section class=\"widget-container aux-widget-text aux-parent-au7f5342d4\">        <div class=\"aux-widget-advanced-text aux-wrap-style-simple aux-ico-pos-top aux-text- aux-text-resp- aux-text-color-dark aux-text-widget-bg-center aux-text-no-content \" >\n        \n                            <div class=\"aux-text-widget-header \"  >\n                        <div class=\"aux-ico-box aux-ico-large aux-img-box aux-ico-shape-default aux-ico-clear \">\n                                                                <img loading=\"lazy\" decoding=\"async\" width=\"581\" height=\"483\" src=\"https:\/\/ready4pos.fr\/wp-content\/uploads\/2024\/08\/02rvb.png\" class=\"aux-attachment aux-featured-image aux-attachment-id-1425\" alt=\"Caisse tactile compatible windows\" data-ratio=\"1.2\" data-original-w=\"581\" \/>                                                    <\/div>\n                <\/div>\n            \n            <div class=\"aux-text-inner aux-text-widget-content\">\n                                <h4 class=\"col-title\"><a href=\"https:\/\/ready4pos.fr\/index.php\/nos-caisses-tactiles-oxhoo\/\">Nos caisses tactiles aures<\/a><\/h4>\n                            <\/div>\n        <\/div>\n                    <div class=\"aux-text-widget-footer\">\n                <div class=\"aux-border-shape-none \">\n                                <\/div>\n            <\/div>\n        \n<\/section><!-- widget-container -->\t\t<\/div>\n\t\t\t\t<\/div>\n\t\t\t\t\t<\/div>\n\t\t<\/div>\n\t\t\t\t\t<\/div>\n\t\t<\/section>\n\t\t\t\t\t<\/div>\n\t\t<\/div>\n\t\t\t\t\t<\/div>\n\t\t<\/section>\n\t\t\t\t<\/div>\n\t\t","protected":false},"excerpt":{"rendered":"<p>Nos p\u00e9riph\u00e9riques caisses Monnayeurs Bornes tactiles Nos caisses tactiles aures<\/p>\n","protected":false},"author":1,"featured_media":0,"parent":0,"menu_order":0,"comment_status":"closed","ping_status":"closed","template":"","meta":{"footnotes":""},"class_list":["post-298","page","type-page","status-publish","hentry"],"yoast_head":"<!-- This site is optimized with the Yoast SEO plugin v24.0 - https:\/\/yoast.com\/wordpress\/plugins\/seo\/ -->\n<title>Solutions mat\u00e9riel - Ready4POS<\/title>\n<meta name=\"description\" content=\"Pr\u00e9sentation des diff\u00e9rentes solutions mat\u00e9riel propos\u00e9 par Ready4Pos permettant \u00e0 plus de 20 secteurs de cro\u00eetre leur activit\u00e9.\" \/>\n<meta name=\"robots\" content=\"index, follow, max-snippet:-1, max-image-preview:large, max-video-preview:-1\" \/>\n<link rel=\"canonical\" href=\"https:\/\/ready4pos.fr\/index.php\/solutions-materiel\/\" \/>\n<meta property=\"og:locale\" content=\"fr_FR\" \/>\n<meta property=\"og:type\" content=\"article\" \/>\n<meta property=\"og:title\" content=\"Solutions mat\u00e9riel - Ready4POS\" \/>\n<meta property=\"og:description\" content=\"Pr\u00e9sentation des diff\u00e9rentes solutions mat\u00e9riel propos\u00e9 par Ready4Pos permettant \u00e0 plus de 20 secteurs de cro\u00eetre leur activit\u00e9.\" \/>\n<meta property=\"og:url\" content=\"https:\/\/ready4pos.fr\/index.php\/solutions-materiel\/\" \/>\n<meta property=\"og:site_name\" content=\"Ready4POS\" \/>\n<meta property=\"article:modified_time\" content=\"2024-10-07T13:50:14+00:00\" \/>\n<meta property=\"og:image\" content=\"https:\/\/ready4pos.fr\/wp-content\/uploads\/2024\/08\/orchestra-handbook-ds9-s9-orderman7-1.png\" \/>\n<meta name=\"twitter:card\" content=\"summary_large_image\" \/>\n<meta name=\"twitter:label1\" content=\"Dur\u00e9e de lecture estim\u00e9e\" \/>\n\t<meta name=\"twitter:data1\" content=\"1 minute\" \/>\n<script type=\"application\/ld+json\" class=\"yoast-schema-graph\">{\"@context\":\"https:\/\/schema.org\",\"@graph\":[{\"@type\":\"WebPage\",\"@id\":\"https:\/\/ready4pos.fr\/index.php\/solutions-materiel\/\",\"url\":\"https:\/\/ready4pos.fr\/index.php\/solutions-materiel\/\",\"name\":\"Solutions mat\u00e9riel - Ready4POS\",\"isPartOf\":{\"@id\":\"https:\/\/ready4pos.fr\/#website\"},\"primaryImageOfPage\":{\"@id\":\"https:\/\/ready4pos.fr\/index.php\/solutions-materiel\/#primaryimage\"},\"image\":{\"@id\":\"https:\/\/ready4pos.fr\/index.php\/solutions-materiel\/#primaryimage\"},\"thumbnailUrl\":\"https:\/\/ready4pos.fr\/wp-content\/uploads\/2024\/08\/orchestra-handbook-ds9-s9-orderman7-1.png\",\"datePublished\":\"2024-05-24T13:11:15+00:00\",\"dateModified\":\"2024-10-07T13:50:14+00:00\",\"description\":\"Pr\u00e9sentation des diff\u00e9rentes solutions mat\u00e9riel propos\u00e9 par Ready4Pos permettant \u00e0 plus de 20 secteurs de cro\u00eetre leur activit\u00e9.\",\"breadcrumb\":{\"@id\":\"https:\/\/ready4pos.fr\/index.php\/solutions-materiel\/#breadcrumb\"},\"inLanguage\":\"fr-FR\",\"potentialAction\":[{\"@type\":\"ReadAction\",\"target\":[\"https:\/\/ready4pos.fr\/index.php\/solutions-materiel\/\"]}]},{\"@type\":\"ImageObject\",\"inLanguage\":\"fr-FR\",\"@id\":\"https:\/\/ready4pos.fr\/index.php\/solutions-materiel\/#primaryimage\",\"url\":\"https:\/\/ready4pos.fr\/wp-content\/uploads\/2024\/08\/orchestra-handbook-ds9-s9-orderman7-1.png\",\"contentUrl\":\"https:\/\/ready4pos.fr\/wp-content\/uploads\/2024\/08\/orchestra-handbook-ds9-s9-orderman7-1.png\"},{\"@type\":\"BreadcrumbList\",\"@id\":\"https:\/\/ready4pos.fr\/index.php\/solutions-materiel\/#breadcrumb\",\"itemListElement\":[{\"@type\":\"ListItem\",\"position\":1,\"name\":\"Accueil\",\"item\":\"https:\/\/ready4pos.fr\/\"},{\"@type\":\"ListItem\",\"position\":2,\"name\":\"Solutions mat\u00e9riel\"}]},{\"@type\":\"WebSite\",\"@id\":\"https:\/\/ready4pos.fr\/#website\",\"url\":\"https:\/\/ready4pos.fr\/\",\"name\":\"Ready4POS\",\"description\":\"Digitalisez vos points de vente\",\"publisher\":{\"@id\":\"https:\/\/ready4pos.fr\/#organization\"},\"potentialAction\":[{\"@type\":\"SearchAction\",\"target\":{\"@type\":\"EntryPoint\",\"urlTemplate\":\"https:\/\/ready4pos.fr\/?s={search_term_string}\"},\"query-input\":{\"@type\":\"PropertyValueSpecification\",\"valueRequired\":true,\"valueName\":\"search_term_string\"}}],\"inLanguage\":\"fr-FR\"},{\"@type\":\"Organization\",\"@id\":\"https:\/\/ready4pos.fr\/#organization\",\"name\":\"Ready4POS\",\"url\":\"https:\/\/ready4pos.fr\/\",\"logo\":{\"@type\":\"ImageObject\",\"inLanguage\":\"fr-FR\",\"@id\":\"https:\/\/ready4pos.fr\/#\/schema\/logo\/image\/\",\"url\":\"https:\/\/ready4pos.fr\/wp-content\/uploads\/2024\/04\/cropped-LOGO_READY-4-POS-1.png\",\"contentUrl\":\"https:\/\/ready4pos.fr\/wp-content\/uploads\/2024\/04\/cropped-LOGO_READY-4-POS-1.png\",\"width\":150,\"height\":80,\"caption\":\"Ready4POS\"},\"image\":{\"@id\":\"https:\/\/ready4pos.fr\/#\/schema\/logo\/image\/\"}}]}<\/script>\n<!-- \/ Yoast SEO plugin. -->","yoast_head_json":{"title":"Solutions mat\u00e9riel - Ready4POS","description":"Pr\u00e9sentation des diff\u00e9rentes solutions mat\u00e9riel propos\u00e9 par Ready4Pos permettant \u00e0 plus de 20 secteurs de cro\u00eetre leur activit\u00e9.","robots":{"index":"index","follow":"follow","max-snippet":"max-snippet:-1","max-image-preview":"max-image-preview:large","max-video-preview":"max-video-preview:-1"},"canonical":"https:\/\/ready4pos.fr\/index.php\/solutions-materiel\/","og_locale":"fr_FR","og_type":"article","og_title":"Solutions mat\u00e9riel - Ready4POS","og_description":"Pr\u00e9sentation des diff\u00e9rentes solutions mat\u00e9riel propos\u00e9 par Ready4Pos permettant \u00e0 plus de 20 secteurs de cro\u00eetre leur activit\u00e9.","og_url":"https:\/\/ready4pos.fr\/index.php\/solutions-materiel\/","og_site_name":"Ready4POS","article_modified_time":"2024-10-07T13:50:14+00:00","og_image":[{"url":"https:\/\/ready4pos.fr\/wp-content\/uploads\/2024\/08\/orchestra-handbook-ds9-s9-orderman7-1.png","type":"","width":"","height":""}],"twitter_card":"summary_large_image","twitter_misc":{"Dur\u00e9e de lecture estim\u00e9e":"1 minute"},"schema":{"@context":"https:\/\/schema.org","@graph":[{"@type":"WebPage","@id":"https:\/\/ready4pos.fr\/index.php\/solutions-materiel\/","url":"https:\/\/ready4pos.fr\/index.php\/solutions-materiel\/","name":"Solutions mat\u00e9riel - Ready4POS","isPartOf":{"@id":"https:\/\/ready4pos.fr\/#website"},"primaryImageOfPage":{"@id":"https:\/\/ready4pos.fr\/index.php\/solutions-materiel\/#primaryimage"},"image":{"@id":"https:\/\/ready4pos.fr\/index.php\/solutions-materiel\/#primaryimage"},"thumbnailUrl":"https:\/\/ready4pos.fr\/wp-content\/uploads\/2024\/08\/orchestra-handbook-ds9-s9-orderman7-1.png","datePublished":"2024-05-24T13:11:15+00:00","dateModified":"2024-10-07T13:50:14+00:00","description":"Pr\u00e9sentation des diff\u00e9rentes solutions mat\u00e9riel propos\u00e9 par Ready4Pos permettant \u00e0 plus de 20 secteurs de cro\u00eetre leur activit\u00e9.","breadcrumb":{"@id":"https:\/\/ready4pos.fr\/index.php\/solutions-materiel\/#breadcrumb"},"inLanguage":"fr-FR","potentialAction":[{"@type":"ReadAction","target":["https:\/\/ready4pos.fr\/index.php\/solutions-materiel\/"]}]},{"@type":"ImageObject","inLanguage":"fr-FR","@id":"https:\/\/ready4pos.fr\/index.php\/solutions-materiel\/#primaryimage","url":"https:\/\/ready4pos.fr\/wp-content\/uploads\/2024\/08\/orchestra-handbook-ds9-s9-orderman7-1.png","contentUrl":"https:\/\/ready4pos.fr\/wp-content\/uploads\/2024\/08\/orchestra-handbook-ds9-s9-orderman7-1.png"},{"@type":"BreadcrumbList","@id":"https:\/\/ready4pos.fr\/index.php\/solutions-materiel\/#breadcrumb","itemListElement":[{"@type":"ListItem","position":1,"name":"Accueil","item":"https:\/\/ready4pos.fr\/"},{"@type":"ListItem","position":2,"name":"Solutions mat\u00e9riel"}]},{"@type":"WebSite","@id":"https:\/\/ready4pos.fr\/#website","url":"https:\/\/ready4pos.fr\/","name":"Ready4POS","description":"Digitalisez vos points de vente","publisher":{"@id":"https:\/\/ready4pos.fr\/#organization"},"potentialAction":[{"@type":"SearchAction","target":{"@type":"EntryPoint","urlTemplate":"https:\/\/ready4pos.fr\/?s={search_term_string}"},"query-input":{"@type":"PropertyValueSpecification","valueRequired":true,"valueName":"search_term_string"}}],"inLanguage":"fr-FR"},{"@type":"Organization","@id":"https:\/\/ready4pos.fr\/#organization","name":"Ready4POS","url":"https:\/\/ready4pos.fr\/","logo":{"@type":"ImageObject","inLanguage":"fr-FR","@id":"https:\/\/ready4pos.fr\/#\/schema\/logo\/image\/","url":"https:\/\/ready4pos.fr\/wp-content\/uploads\/2024\/04\/cropped-LOGO_READY-4-POS-1.png","contentUrl":"https:\/\/ready4pos.fr\/wp-content\/uploads\/2024\/04\/cropped-LOGO_READY-4-POS-1.png","width":150,"height":80,"caption":"Ready4POS"},"image":{"@id":"https:\/\/ready4pos.fr\/#\/schema\/logo\/image\/"}}]}},"_links":{"self":[{"href":"https:\/\/ready4pos.fr\/index.php\/wp-json\/wp\/v2\/pages\/298","targetHints":{"allow":["GET"]}}],"collection":[{"href":"https:\/\/ready4pos.fr\/index.php\/wp-json\/wp\/v2\/pages"}],"about":[{"href":"https:\/\/ready4pos.fr\/index.php\/wp-json\/wp\/v2\/types\/page"}],"author":[{"embeddable":true,"href":"https:\/\/ready4pos.fr\/index.php\/wp-json\/wp\/v2\/users\/1"}],"replies":[{"embeddable":true,"href":"https:\/\/ready4pos.fr\/index.php\/wp-json\/wp\/v2\/comments?post=298"}],"version-history":[{"count":33,"href":"https:\/\/ready4pos.fr\/index.php\/wp-json\/wp\/v2\/pages\/298\/revisions"}],"predecessor-version":[{"id":1812,"href":"https:\/\/ready4pos.fr\/index.php\/wp-json\/wp\/v2\/pages\/298\/revisions\/1812"}],"wp:attachment":[{"href":"https:\/\/ready4pos.fr\/index.php\/wp-json\/wp\/v2\/media?parent=298"}],"curies":[{"name":"wp","href":"https:\/\/api.w.org\/{rel}","templated":true}]}}