{"id":831,"date":"2024-06-04T14:36:18","date_gmt":"2024-06-04T12:36:18","guid":{"rendered":"https:\/\/ready4pos.fr\/?page_id=831"},"modified":"2024-10-07T15:17:23","modified_gmt":"2024-10-07T13:17:23","slug":"commande-a-table","status":"publish","type":"page","link":"https:\/\/ready4pos.fr\/index.php\/commande-a-table\/","title":{"rendered":"Commande \u00e0 table"},"content":{"rendered":"\t\t<div data-elementor-type=\"wp-post\" data-elementor-id=\"831\" class=\"elementor elementor-831\">\n\t\t\t\t\t\t<section class=\"elementor-section elementor-top-section elementor-element elementor-element-89528fe elementor-section-content-middle elementor-reverse-mobile elementor-section-boxed elementor-section-height-default elementor-section-height-default\" data-id=\"89528fe\" data-element_type=\"section\" data-settings=\"{&quot;background_background&quot;:&quot;gradient&quot;}\">\n\t\t\t\t\t\t<div class=\"elementor-container elementor-column-gap-default\">\n\t\t\t\t\t<div class=\"aux-parallax-section elementor-column elementor-col-50 elementor-top-column elementor-element elementor-element-64c846d\" data-id=\"64c846d\" data-element_type=\"column\">\n\t\t\t<div class=\"elementor-widget-wrap elementor-element-populated\">\n\t\t\t\t\t\t<div class=\"elementor-element elementor-element-94bb3e7 aux-appear-watch-animation aux-mask-from-left elementor-widget elementor-widget-aux_modern_heading\" data-id=\"94bb3e7\" data-element_type=\"widget\" data-widget_type=\"aux_modern_heading.default\">\n\t\t\t\t<div class=\"elementor-widget-container\">\n\t\t\t<section class=\"aux-widget-modern-heading\">\n            <div class=\"aux-widget-inner\"><h2 class=\"aux-modern-heading-primary\"><\/h2><h3 class=\"aux-modern-heading-secondary\"><span class=\"aux-head-before\">Commande \u00e0 table - QR Code<\/span><\/h3><\/div>\n        <\/section>\t\t<\/div>\n\t\t\t\t<\/div>\n\t\t\t\t<div class=\"elementor-element elementor-element-d1ffc09 aux-appear-watch-animation aux-fade-in-right elementor-widget elementor-widget-text-editor\" data-id=\"d1ffc09\" data-element_type=\"widget\" data-widget_type=\"text-editor.default\">\n\t\t\t\t<div class=\"elementor-widget-container\">\n\t\t\t\t\t\t\t<div class=\"aux-bus2-title-divider\">\u00a0<\/div>\t\t\t\t\t\t<\/div>\n\t\t\t\t<\/div>\n\t\t\t\t<div class=\"elementor-element elementor-element-3d01efb aux-appear-watch-animation aux-fade-in-up elementor-widget elementor-widget-text-editor\" data-id=\"3d01efb\" data-element_type=\"widget\" data-widget_type=\"text-editor.default\">\n\t\t\t\t<div class=\"elementor-widget-container\">\n\t\t\t\t\t\t\t<div class=\"introduction\"><p><strong>Transformez l&rsquo;exp\u00e9rience de commande au sein de votre \u00e9tablissement avec RESTOMAX, la solution QR code avant-gardiste permettant la commande \u00e0 table.<\/strong> Notre syst\u00e8me permet non seulement une optimisation significative de la prise de commande, mais assure \u00e9galement une fluidit\u00e9 remarquable dans le processus de paiement. Gr\u00e2ce \u00e0 RESTOMAX, vos clients peuvent acc\u00e9der au menu complet simplement en scannant un QR code directement depuis leur table. Cette approche \u00e9limine le besoin d&rsquo;attendre un serveur pour passer commande, offrant ainsi une exp\u00e9rience \u00e0 la fois rapide et sans tracas.<\/p><\/div>\t\t\t\t\t\t<\/div>\n\t\t\t\t<\/div>\n\t\t\t\t<div class=\"elementor-element elementor-element-cc68e0c elementor-icon-list--layout-traditional elementor-list-item-link-full_width elementor-widget elementor-widget-icon-list\" data-id=\"cc68e0c\" data-element_type=\"widget\" data-widget_type=\"icon-list.default\">\n\t\t\t\t<div class=\"elementor-widget-container\">\n\t\t\t\t\t<ul class=\"elementor-icon-list-items\">\n\t\t\t\t\t\t\t<li class=\"elementor-icon-list-item\">\n\t\t\t\t\t\t\t\t\t\t\t<span class=\"elementor-icon-list-icon\">\n\t\t\t\t\t\t\t<i aria-hidden=\"true\" class=\"fas fa-check\"><\/i>\t\t\t\t\t\t<\/span>\n\t\t\t\t\t\t\t\t\t\t<span class=\"elementor-icon-list-text\">Prise de commande facilit\u00e9e gr\u00e2ce au scan du QR code<\/span>\n\t\t\t\t\t\t\t\t\t<\/li>\n\t\t\t\t\t\t\t\t<li class=\"elementor-icon-list-item\">\n\t\t\t\t\t\t\t\t\t\t\t<span class=\"elementor-icon-list-icon\">\n\t\t\t\t\t\t\t<i aria-hidden=\"true\" class=\"fas fa-check\"><\/i>\t\t\t\t\t\t<\/span>\n\t\t\t\t\t\t\t\t\t\t<span class=\"elementor-icon-list-text\">Paiement simple et rapide gr\u00e2ce au QR code<\/span>\n\t\t\t\t\t\t\t\t\t<\/li>\n\t\t\t\t\t\t\t\t<li class=\"elementor-icon-list-item\">\n\t\t\t\t\t\t\t\t\t\t\t<span class=\"elementor-icon-list-icon\">\n\t\t\t\t\t\t\t<i aria-hidden=\"true\" class=\"fas fa-check\"><\/i>\t\t\t\t\t\t<\/span>\n\t\t\t\t\t\t\t\t\t\t<span class=\"elementor-icon-list-text\">Prise de commande \u00e0 table<\/span>\n\t\t\t\t\t\t\t\t\t<\/li>\n\t\t\t\t\t\t<\/ul>\n\t\t\t\t<\/div>\n\t\t\t\t<\/div>\n\t\t\t\t<div class=\"elementor-element elementor-element-1470615 aux-appear-watch-animation aux-fade-in-right elementor-widget elementor-widget-aux_button\" data-id=\"1470615\" data-element_type=\"widget\" data-widget_type=\"aux_button.default\">\n\t\t\t\t<div class=\"elementor-widget-container\">\n\t\t\t<a  href=\"https:\/\/ready4pos.fr\/index.php\/contact\/\" target=\"_self\"   class=\"aux-button aux-medium aux-carmine-pink aux-curve aux-none aux-uppercase\" ><span class=\"aux-overlay\"><\/span><span class=\"aux-text\">Demo &amp; devis gratuit<\/span><\/a>\t\t<\/div>\n\t\t\t\t<\/div>\n\t\t\t\t\t<\/div>\n\t\t<\/div>\n\t\t\t\t<div class=\"aux-parallax-section elementor-column elementor-col-50 elementor-top-column elementor-element elementor-element-f7825a0 aux-appear-watch-animation aux-mask-from-left\" data-id=\"f7825a0\" data-element_type=\"column\">\n\t\t\t<div class=\"elementor-widget-wrap elementor-element-populated\">\n\t\t\t\t\t\t<div class=\"elementor-element elementor-element-3574bdc elementor-widget elementor-widget-aux_image\" data-id=\"3574bdc\" data-element_type=\"widget\" data-widget_type=\"aux_image.default\">\n\t\t\t\t<div class=\"elementor-widget-container\">\n\t\t\t<section class=\"widget-container aux-widget-image aux-alignnone aux-parent-au0f4ed422\">\n    <div class=\"aux-media-hint-frame \">\n        <div class=\"aux-media-image \" >\n        \n            \n\n            \n            <img decoding=\"async\" width=\"200\" src=\"data:image\/gif;base64,R0lGODlhAQABAIAAAAAAAP\/\/\/yH5BAEAAAAALAAAAAABAAEAAAIBRAA7\" class=\"aux-attachment aux-featured-image aux-attachment-id-833 aux-preload aux-blank\" alt=\"T\u00e9l\u00e9phone avec un QR code pour faciliter la prise de commande \u00e0 table avec RESTOMAX\" data-original-w=\"200\" sizes=\"auto\" data-srcset=\"https:\/\/ready4pos.fr\/wp-content\/uploads\/2024\/06\/Restomax-systeme-QR-code-caisse-enregistreuse-770x1347-1-150x150.png 150w,https:\/\/ready4pos.fr\/wp-content\/uploads\/2024\/06\/Restomax-systeme-QR-code-caisse-enregistreuse-770x1347-1.png 200w\" data-src=\"https:\/\/ready4pos.fr\/wp-content\/uploads\/2024\/06\/Restomax-systeme-QR-code-caisse-enregistreuse-770x1347-1.png\" \/>            \n                <\/div>\n    <\/div>\n\n<\/section><!-- widget-container -->\t\t<\/div>\n\t\t\t\t<\/div>\n\t\t\t\t\t<\/div>\n\t\t<\/div>\n\t\t\t\t\t<\/div>\n\t\t<\/section>\n\t\t\t\t<section class=\"elementor-section elementor-top-section elementor-element elementor-element-7622bad elementor-section-boxed elementor-section-height-default elementor-section-height-default\" data-id=\"7622bad\" data-element_type=\"section\" data-settings=\"{&quot;background_background&quot;:&quot;classic&quot;}\">\n\t\t\t\t\t\t\t<div class=\"elementor-background-overlay\"><\/div>\n\t\t\t\t\t\t\t<div class=\"elementor-container elementor-column-gap-default\">\n\t\t\t\t\t<div class=\"aux-parallax-section elementor-column elementor-col-100 elementor-top-column elementor-element elementor-element-25ef0a1\" data-id=\"25ef0a1\" data-element_type=\"column\">\n\t\t\t<div class=\"elementor-widget-wrap elementor-element-populated\">\n\t\t\t\t\t\t<div class=\"elementor-element elementor-element-2215286 aux-appear-watch-animation aux-fade-in-up elementor-widget elementor-widget-aux_modern_heading\" data-id=\"2215286\" data-element_type=\"widget\" data-widget_type=\"aux_modern_heading.default\">\n\t\t\t\t<div class=\"elementor-widget-container\">\n\t\t\t<section class=\"aux-widget-modern-heading\">\n            <div class=\"aux-widget-inner\"><h6 class=\"aux-modern-heading-primary\"><\/h6><h3 class=\"aux-modern-heading-secondary\"><span class=\"aux-head-before\">Les fonctionnalit\u00e9s de la caisse enregistreuse<\/span><\/h3><\/div>\n        <\/section>\t\t<\/div>\n\t\t\t\t<\/div>\n\t\t\t\t<div class=\"elementor-element elementor-element-084f3b9 aux-appear-watch-animation aux-fade-in-right elementor-widget elementor-widget-text-editor\" data-id=\"084f3b9\" data-element_type=\"widget\" data-widget_type=\"text-editor.default\">\n\t\t\t\t<div class=\"elementor-widget-container\">\n\t\t\t\t\t\t\t<div class=\"aux-bus2-title-divider\">\u00a0<\/div>\t\t\t\t\t\t<\/div>\n\t\t\t\t<\/div>\n\t\t\t\t<section class=\"elementor-section elementor-inner-section elementor-element elementor-element-cedba95 elementor-section-boxed elementor-section-height-default elementor-section-height-default\" data-id=\"cedba95\" data-element_type=\"section\">\n\t\t\t\t\t\t<div class=\"elementor-container elementor-column-gap-default\">\n\t\t\t\t\t<div class=\"aux-parallax-section elementor-column elementor-col-33 elementor-inner-column elementor-element elementor-element-fa63151 aux-appear-watch-animation aux-fade-in-right-1\" data-id=\"fa63151\" data-element_type=\"column\">\n\t\t\t<div class=\"elementor-widget-wrap elementor-element-populated\">\n\t\t\t\t\t\t<div class=\"elementor-element elementor-element-7899f49 elementor-widget elementor-widget-aux_text\" data-id=\"7899f49\" data-element_type=\"widget\" data-widget_type=\"aux_text.default\">\n\t\t\t\t<div class=\"elementor-widget-container\">\n\t\t\t<section class=\"widget-container aux-widget-text aux-parent-auc5af76a3\">        <div class=\"aux-widget-advanced-text aux-wrap-style-simple aux-ico-pos-top aux-text- aux-text-resp- aux-text-color-dark aux-text-widget-bg-center  \" >\n        \n                            <div class=\"aux-text-widget-header \"  >\n                        <div class=\"aux-ico-box aux-ico-large aux-ico-shape-circle aux-ico-clear \">\n                                                            <span class=\"aux-ico fas fa-money-bill-wave\" > <\/span>\n                                                    <\/div>\n                <\/div>\n            \n            <div class=\"aux-text-inner aux-text-widget-content\">\n                                <h4 class=\"col-title\">Un budget adapt\u00e9 \u00e0 vos besoins<\/h4>\n                                <div class=\"widget-content\">\n                                        <p>RESTOMAX vous propose des tarifs adapt\u00e9s \u00e0 vos besoins pour ses produits. Vous ne trouverez pas la m\u00eame qualit\u00e9 d'offre \u00e0 un prix inf\u00e9rieur.<\/p>                <\/div>\n                            <\/div>\n        <\/div>\n                    <div class=\"aux-text-widget-footer\">\n                <div class=\"aux-border-shape-none \">\n                                <\/div>\n            <\/div>\n        \n<\/section><!-- widget-container -->\t\t<\/div>\n\t\t\t\t<\/div>\n\t\t\t\t\t<\/div>\n\t\t<\/div>\n\t\t\t\t<div class=\"aux-parallax-section elementor-column elementor-col-33 elementor-inner-column elementor-element elementor-element-93e22e2 aux-appear-watch-animation aux-fade-in-right-1\" data-id=\"93e22e2\" data-element_type=\"column\">\n\t\t\t<div class=\"elementor-widget-wrap elementor-element-populated\">\n\t\t\t\t\t\t<div class=\"elementor-element elementor-element-ca76be4 elementor-widget elementor-widget-aux_text\" data-id=\"ca76be4\" data-element_type=\"widget\" data-widget_type=\"aux_text.default\">\n\t\t\t\t<div class=\"elementor-widget-container\">\n\t\t\t<section class=\"widget-container aux-widget-text aux-parent-aufcdb57ec\">        <div class=\"aux-widget-advanced-text aux-wrap-style-simple aux-ico-pos-top aux-text- aux-text-resp- aux-text-color-dark aux-text-widget-bg-center  \" >\n        \n                            <div class=\"aux-text-widget-header \"  >\n                        <div class=\"aux-ico-box aux-ico-large aux-ico-shape-circle aux-ico-clear \">\n                                                            <span class=\"aux-ico fas fa-hands\" > <\/span>\n                                                    <\/div>\n                <\/div>\n            \n            <div class=\"aux-text-inner aux-text-widget-content\">\n                                <h4 class=\"col-title\">Un \u00e9cosyst\u00e8me complet<\/h4>\n                                <div class=\"widget-content\">\n                                        <div class=\"col-md-6 col-lg-4\"><div class=\"box box--flex box--small-radius aos-init aos-animate\" data-aos=\"fade-in\"><div class=\"small-text\">Avec RESTOMAX, vous acc\u00e9dez \u00e0 des solutions int\u00e9gr\u00e9es pour am\u00e9liorer votre efficacit\u00e9 : prise de commande en salle, bornes de commandes, QR code, impressions d\u00e9port\u00e9es, plans de salle 3D, connexion Uber Eats\/Deliveroo, back office web...<\/div><\/div><\/div>                <\/div>\n                            <\/div>\n        <\/div>\n                    <div class=\"aux-text-widget-footer\">\n                <div class=\"aux-border-shape-none \">\n                                <\/div>\n            <\/div>\n        \n<\/section><!-- widget-container -->\t\t<\/div>\n\t\t\t\t<\/div>\n\t\t\t\t\t<\/div>\n\t\t<\/div>\n\t\t\t\t<div class=\"aux-parallax-section elementor-column elementor-col-33 elementor-inner-column elementor-element elementor-element-3a0952c aux-appear-watch-animation aux-fade-in-right-1\" data-id=\"3a0952c\" data-element_type=\"column\">\n\t\t\t<div class=\"elementor-widget-wrap elementor-element-populated\">\n\t\t\t\t\t\t<div class=\"elementor-element elementor-element-944c2cc elementor-widget elementor-widget-aux_text\" data-id=\"944c2cc\" data-element_type=\"widget\" data-widget_type=\"aux_text.default\">\n\t\t\t\t<div class=\"elementor-widget-container\">\n\t\t\t<section class=\"widget-container aux-widget-text aux-parent-au8ad56d12\">        <div class=\"aux-widget-advanced-text aux-wrap-style-simple aux-ico-pos-top aux-text- aux-text-resp- aux-text-color-dark aux-text-widget-bg-center  \" >\n        \n                            <div class=\"aux-text-widget-header \"  >\n                        <div class=\"aux-ico-box aux-ico-large aux-ico-shape-circle aux-ico-clear \">\n                                                            <span class=\"aux-ico auxicon auxicon-time\" > <\/span>\n                                                    <\/div>\n                <\/div>\n            \n            <div class=\"aux-text-inner aux-text-widget-content\">\n                                <h4 class=\"col-title\">Facile &amp; gain de temps<\/h4>\n                                <div class=\"widget-content\">\n                                        <p>Les produits RESTOMAX sont tr\u00e8s faciles d'utilisation et vous observerez vite l'\u00e9norme gain de temps qu'ils vous procureront ! Notre support 7\/7j est disponible en cas de p\u00e9pins.<\/p>                <\/div>\n                            <\/div>\n        <\/div>\n                    <div class=\"aux-text-widget-footer\">\n                <div class=\"aux-border-shape-none \">\n                                <\/div>\n            <\/div>\n        \n<\/section><!-- widget-container -->\t\t<\/div>\n\t\t\t\t<\/div>\n\t\t\t\t\t<\/div>\n\t\t<\/div>\n\t\t\t\t\t<\/div>\n\t\t<\/section>\n\t\t\t\t\t<\/div>\n\t\t<\/div>\n\t\t\t\t\t<\/div>\n\t\t<\/section>\n\t\t\t\t<\/div>\n\t\t","protected":false},"excerpt":{"rendered":"<p>Commande \u00e0 table &#8211; QR Code \u00a0 Transformez l&rsquo;exp\u00e9rience de commande au sein de votre \u00e9tablissement avec RESTOMAX, la solution QR code avant-gardiste permettant la commande \u00e0 table. Notre syst\u00e8me permet non seulement une optimisation significative de la prise de commande, mais assure \u00e9galement une fluidit\u00e9 remarquable dans le processus de paiement. Gr\u00e2ce \u00e0 RESTOMAX, [&hellip;]<\/p>\n","protected":false},"author":1,"featured_media":0,"parent":0,"menu_order":0,"comment_status":"closed","ping_status":"closed","template":"","meta":{"footnotes":""},"class_list":["post-831","page","type-page","status-publish","hentry"],"yoast_head":"<!-- This site is optimized with the Yoast SEO plugin v24.0 - https:\/\/yoast.com\/wordpress\/plugins\/seo\/ -->\n<title>Commande \u00e0 table - Ready4POS<\/title>\n<meta name=\"description\" content=\"Optimisez le service avec notre syst\u00e8me de commande \u00e0 table. Augmentez la satisfaction client\u00e8le avec une commande rapide et directe.\" \/>\n<meta name=\"robots\" content=\"index, follow, max-snippet:-1, max-image-preview:large, max-video-preview:-1\" \/>\n<link rel=\"canonical\" href=\"https:\/\/ready4pos.fr\/index.php\/commande-a-table\/\" \/>\n<meta property=\"og:locale\" content=\"fr_FR\" \/>\n<meta property=\"og:type\" content=\"article\" \/>\n<meta property=\"og:title\" content=\"Commande \u00e0 table - Ready4POS\" \/>\n<meta property=\"og:description\" content=\"Optimisez le service avec notre syst\u00e8me de commande \u00e0 table. Augmentez la satisfaction client\u00e8le avec une commande rapide et directe.\" \/>\n<meta property=\"og:url\" content=\"https:\/\/ready4pos.fr\/index.php\/commande-a-table\/\" \/>\n<meta property=\"og:site_name\" content=\"Ready4POS\" \/>\n<meta property=\"article:modified_time\" content=\"2024-10-07T13:17:23+00:00\" \/>\n<meta name=\"twitter:card\" content=\"summary_large_image\" \/>\n<meta name=\"twitter:label1\" content=\"Dur\u00e9e de lecture estim\u00e9e\" \/>\n\t<meta name=\"twitter:data1\" content=\"2 minutes\" \/>\n<script type=\"application\/ld+json\" class=\"yoast-schema-graph\">{\"@context\":\"https:\/\/schema.org\",\"@graph\":[{\"@type\":\"WebPage\",\"@id\":\"https:\/\/ready4pos.fr\/index.php\/commande-a-table\/\",\"url\":\"https:\/\/ready4pos.fr\/index.php\/commande-a-table\/\",\"name\":\"Commande \u00e0 table - Ready4POS\",\"isPartOf\":{\"@id\":\"https:\/\/ready4pos.fr\/#website\"},\"datePublished\":\"2024-06-04T12:36:18+00:00\",\"dateModified\":\"2024-10-07T13:17:23+00:00\",\"description\":\"Optimisez le service avec notre syst\u00e8me de commande \u00e0 table. Augmentez la satisfaction client\u00e8le avec une commande rapide et directe.\",\"breadcrumb\":{\"@id\":\"https:\/\/ready4pos.fr\/index.php\/commande-a-table\/#breadcrumb\"},\"inLanguage\":\"fr-FR\",\"potentialAction\":[{\"@type\":\"ReadAction\",\"target\":[\"https:\/\/ready4pos.fr\/index.php\/commande-a-table\/\"]}]},{\"@type\":\"BreadcrumbList\",\"@id\":\"https:\/\/ready4pos.fr\/index.php\/commande-a-table\/#breadcrumb\",\"itemListElement\":[{\"@type\":\"ListItem\",\"position\":1,\"name\":\"Accueil\",\"item\":\"https:\/\/ready4pos.fr\/\"},{\"@type\":\"ListItem\",\"position\":2,\"name\":\"Commande \u00e0 table\"}]},{\"@type\":\"WebSite\",\"@id\":\"https:\/\/ready4pos.fr\/#website\",\"url\":\"https:\/\/ready4pos.fr\/\",\"name\":\"Ready4POS\",\"description\":\"Digitalisez vos points de vente\",\"publisher\":{\"@id\":\"https:\/\/ready4pos.fr\/#organization\"},\"potentialAction\":[{\"@type\":\"SearchAction\",\"target\":{\"@type\":\"EntryPoint\",\"urlTemplate\":\"https:\/\/ready4pos.fr\/?s={search_term_string}\"},\"query-input\":{\"@type\":\"PropertyValueSpecification\",\"valueRequired\":true,\"valueName\":\"search_term_string\"}}],\"inLanguage\":\"fr-FR\"},{\"@type\":\"Organization\",\"@id\":\"https:\/\/ready4pos.fr\/#organization\",\"name\":\"Ready4POS\",\"url\":\"https:\/\/ready4pos.fr\/\",\"logo\":{\"@type\":\"ImageObject\",\"inLanguage\":\"fr-FR\",\"@id\":\"https:\/\/ready4pos.fr\/#\/schema\/logo\/image\/\",\"url\":\"https:\/\/ready4pos.fr\/wp-content\/uploads\/2024\/04\/cropped-LOGO_READY-4-POS-1.png\",\"contentUrl\":\"https:\/\/ready4pos.fr\/wp-content\/uploads\/2024\/04\/cropped-LOGO_READY-4-POS-1.png\",\"width\":150,\"height\":80,\"caption\":\"Ready4POS\"},\"image\":{\"@id\":\"https:\/\/ready4pos.fr\/#\/schema\/logo\/image\/\"}}]}<\/script>\n<!-- \/ Yoast SEO plugin. -->","yoast_head_json":{"title":"Commande \u00e0 table - Ready4POS","description":"Optimisez le service avec notre syst\u00e8me de commande \u00e0 table. Augmentez la satisfaction client\u00e8le avec une commande rapide et directe.","robots":{"index":"index","follow":"follow","max-snippet":"max-snippet:-1","max-image-preview":"max-image-preview:large","max-video-preview":"max-video-preview:-1"},"canonical":"https:\/\/ready4pos.fr\/index.php\/commande-a-table\/","og_locale":"fr_FR","og_type":"article","og_title":"Commande \u00e0 table - Ready4POS","og_description":"Optimisez le service avec notre syst\u00e8me de commande \u00e0 table. Augmentez la satisfaction client\u00e8le avec une commande rapide et directe.","og_url":"https:\/\/ready4pos.fr\/index.php\/commande-a-table\/","og_site_name":"Ready4POS","article_modified_time":"2024-10-07T13:17:23+00:00","twitter_card":"summary_large_image","twitter_misc":{"Dur\u00e9e de lecture estim\u00e9e":"2 minutes"},"schema":{"@context":"https:\/\/schema.org","@graph":[{"@type":"WebPage","@id":"https:\/\/ready4pos.fr\/index.php\/commande-a-table\/","url":"https:\/\/ready4pos.fr\/index.php\/commande-a-table\/","name":"Commande \u00e0 table - Ready4POS","isPartOf":{"@id":"https:\/\/ready4pos.fr\/#website"},"datePublished":"2024-06-04T12:36:18+00:00","dateModified":"2024-10-07T13:17:23+00:00","description":"Optimisez le service avec notre syst\u00e8me de commande \u00e0 table. Augmentez la satisfaction client\u00e8le avec une commande rapide et directe.","breadcrumb":{"@id":"https:\/\/ready4pos.fr\/index.php\/commande-a-table\/#breadcrumb"},"inLanguage":"fr-FR","potentialAction":[{"@type":"ReadAction","target":["https:\/\/ready4pos.fr\/index.php\/commande-a-table\/"]}]},{"@type":"BreadcrumbList","@id":"https:\/\/ready4pos.fr\/index.php\/commande-a-table\/#breadcrumb","itemListElement":[{"@type":"ListItem","position":1,"name":"Accueil","item":"https:\/\/ready4pos.fr\/"},{"@type":"ListItem","position":2,"name":"Commande \u00e0 table"}]},{"@type":"WebSite","@id":"https:\/\/ready4pos.fr\/#website","url":"https:\/\/ready4pos.fr\/","name":"Ready4POS","description":"Digitalisez vos points de vente","publisher":{"@id":"https:\/\/ready4pos.fr\/#organization"},"potentialAction":[{"@type":"SearchAction","target":{"@type":"EntryPoint","urlTemplate":"https:\/\/ready4pos.fr\/?s={search_term_string}"},"query-input":{"@type":"PropertyValueSpecification","valueRequired":true,"valueName":"search_term_string"}}],"inLanguage":"fr-FR"},{"@type":"Organization","@id":"https:\/\/ready4pos.fr\/#organization","name":"Ready4POS","url":"https:\/\/ready4pos.fr\/","logo":{"@type":"ImageObject","inLanguage":"fr-FR","@id":"https:\/\/ready4pos.fr\/#\/schema\/logo\/image\/","url":"https:\/\/ready4pos.fr\/wp-content\/uploads\/2024\/04\/cropped-LOGO_READY-4-POS-1.png","contentUrl":"https:\/\/ready4pos.fr\/wp-content\/uploads\/2024\/04\/cropped-LOGO_READY-4-POS-1.png","width":150,"height":80,"caption":"Ready4POS"},"image":{"@id":"https:\/\/ready4pos.fr\/#\/schema\/logo\/image\/"}}]}},"_links":{"self":[{"href":"https:\/\/ready4pos.fr\/index.php\/wp-json\/wp\/v2\/pages\/831","targetHints":{"allow":["GET"]}}],"collection":[{"href":"https:\/\/ready4pos.fr\/index.php\/wp-json\/wp\/v2\/pages"}],"about":[{"href":"https:\/\/ready4pos.fr\/index.php\/wp-json\/wp\/v2\/types\/page"}],"author":[{"embeddable":true,"href":"https:\/\/ready4pos.fr\/index.php\/wp-json\/wp\/v2\/users\/1"}],"replies":[{"embeddable":true,"href":"https:\/\/ready4pos.fr\/index.php\/wp-json\/wp\/v2\/comments?post=831"}],"version-history":[{"count":18,"href":"https:\/\/ready4pos.fr\/index.php\/wp-json\/wp\/v2\/pages\/831\/revisions"}],"predecessor-version":[{"id":1767,"href":"https:\/\/ready4pos.fr\/index.php\/wp-json\/wp\/v2\/pages\/831\/revisions\/1767"}],"wp:attachment":[{"href":"https:\/\/ready4pos.fr\/index.php\/wp-json\/wp\/v2\/media?parent=831"}],"curies":[{"name":"wp","href":"https:\/\/api.w.org\/{rel}","templated":true}]}}