{"id":838,"date":"2024-06-04T14:50:59","date_gmt":"2024-06-04T12:50:59","guid":{"rendered":"https:\/\/ready4pos.fr\/?page_id=838"},"modified":"2024-10-07T15:17:50","modified_gmt":"2024-10-07T13:17:50","slug":"back-office","status":"publish","type":"page","link":"https:\/\/ready4pos.fr\/index.php\/back-office\/","title":{"rendered":"Back office"},"content":{"rendered":"\t\t<div data-elementor-type=\"wp-post\" data-elementor-id=\"838\" class=\"elementor elementor-838\">\n\t\t\t\t\t\t<section class=\"elementor-section elementor-top-section elementor-element elementor-element-89528fe elementor-section-content-middle elementor-reverse-mobile elementor-section-boxed elementor-section-height-default elementor-section-height-default\" data-id=\"89528fe\" data-element_type=\"section\" data-settings=\"{&quot;background_background&quot;:&quot;gradient&quot;}\">\n\t\t\t\t\t\t<div class=\"elementor-container elementor-column-gap-default\">\n\t\t\t\t\t<div class=\"aux-parallax-section elementor-column elementor-col-50 elementor-top-column elementor-element elementor-element-64c846d\" data-id=\"64c846d\" data-element_type=\"column\">\n\t\t\t<div class=\"elementor-widget-wrap elementor-element-populated\">\n\t\t\t\t\t\t<div class=\"elementor-element elementor-element-94bb3e7 aux-appear-watch-animation aux-mask-from-left elementor-widget elementor-widget-aux_modern_heading\" data-id=\"94bb3e7\" data-element_type=\"widget\" data-widget_type=\"aux_modern_heading.default\">\n\t\t\t\t<div class=\"elementor-widget-container\">\n\t\t\t<section class=\"aux-widget-modern-heading\">\n            <div class=\"aux-widget-inner\"><h2 class=\"aux-modern-heading-primary\"><\/h2><h3 class=\"aux-modern-heading-secondary\"><span class=\"aux-head-before\">Back office<\/span><\/h3><\/div>\n        <\/section>\t\t<\/div>\n\t\t\t\t<\/div>\n\t\t\t\t<div class=\"elementor-element elementor-element-d1ffc09 aux-appear-watch-animation aux-fade-in-right elementor-widget elementor-widget-text-editor\" data-id=\"d1ffc09\" data-element_type=\"widget\" data-widget_type=\"text-editor.default\">\n\t\t\t\t<div class=\"elementor-widget-container\">\n\t\t\t\t\t\t\t<div class=\"aux-bus2-title-divider\">\u00a0<\/div>\t\t\t\t\t\t<\/div>\n\t\t\t\t<\/div>\n\t\t\t\t<div class=\"elementor-element elementor-element-3d01efb aux-appear-watch-animation aux-fade-in-up elementor-widget elementor-widget-text-editor\" data-id=\"3d01efb\" data-element_type=\"widget\" data-widget_type=\"text-editor.default\">\n\t\t\t\t<div class=\"elementor-widget-container\">\n\t\t\t\t\t\t\t<p style=\"margin-top: 0cm;\">Avec le backoffice WEB, profitez d&rsquo;une gestion de caisse enregistreuse \u00e0 distance avec un acc\u00e8s<strong>\u00a0en temps r\u00e9el \u00e0 toutes les donn\u00e9es statistiques li\u00e9es \u00e0 votre caisse enregistreuse<\/strong>, votre borne de commande et\/ou votre service de Click &amp; Collect. Cela\u00a0<strong>vous permet une gestion pr\u00e9cise et ais\u00e9e de vos ventes\u00a0<\/strong>et de r\u00e9colter, des informations pr\u00e9cieuses concernant les habitudes de consommations de vos clients. Vous pouvez \u00e9galement modifier vos prix \u00e0 distance et de tenir \u00e0 l\u2019\u0153il votre tr\u00e9sorerie. Il s\u2019agit de l\u2019outil de management complet de votre syst\u00e8me de caisse.<\/p>\t\t\t\t\t\t<\/div>\n\t\t\t\t<\/div>\n\t\t\t\t<div class=\"elementor-element elementor-element-cc68e0c elementor-icon-list--layout-traditional elementor-list-item-link-full_width elementor-widget elementor-widget-icon-list\" data-id=\"cc68e0c\" data-element_type=\"widget\" data-widget_type=\"icon-list.default\">\n\t\t\t\t<div class=\"elementor-widget-container\">\n\t\t\t\t\t<ul class=\"elementor-icon-list-items\">\n\t\t\t\t\t\t\t<li class=\"elementor-icon-list-item\">\n\t\t\t\t\t\t\t\t\t\t\t<span class=\"elementor-icon-list-icon\">\n\t\t\t\t\t\t\t<i aria-hidden=\"true\" class=\"fas fa-check\"><\/i>\t\t\t\t\t\t<\/span>\n\t\t\t\t\t\t\t\t\t\t<span class=\"elementor-icon-list-text\">Suivez vos ventes \u00e0 distance et en temps r\u00e9el<\/span>\n\t\t\t\t\t\t\t\t\t<\/li>\n\t\t\t\t\t\t\t\t<li class=\"elementor-icon-list-item\">\n\t\t\t\t\t\t\t\t\t\t\t<span class=\"elementor-icon-list-icon\">\n\t\t\t\t\t\t\t<i aria-hidden=\"true\" class=\"fas fa-check\"><\/i>\t\t\t\t\t\t<\/span>\n\t\t\t\t\t\t\t\t\t\t<span class=\"elementor-icon-list-text\">Exportez les donn\u00e9es comptables<\/span>\n\t\t\t\t\t\t\t\t\t<\/li>\n\t\t\t\t\t\t\t\t<li class=\"elementor-icon-list-item\">\n\t\t\t\t\t\t\t\t\t\t\t<span class=\"elementor-icon-list-icon\">\n\t\t\t\t\t\t\t<i aria-hidden=\"true\" class=\"fas fa-check\"><\/i>\t\t\t\t\t\t<\/span>\n\t\t\t\t\t\t\t\t\t\t<span class=\"elementor-icon-list-text\">R\u00e9alisez des statistiques d\u00e9taill\u00e9es sur vos ventes<\/span>\n\t\t\t\t\t\t\t\t\t<\/li>\n\t\t\t\t\t\t\t\t<li class=\"elementor-icon-list-item\">\n\t\t\t\t\t\t\t\t\t\t\t<span class=\"elementor-icon-list-icon\">\n\t\t\t\t\t\t\t<i aria-hidden=\"true\" class=\"fas fa-check\"><\/i>\t\t\t\t\t\t<\/span>\n\t\t\t\t\t\t\t\t\t\t<span class=\"elementor-icon-list-text\">G\u00e9n\u00e9rez des rapports<\/span>\n\t\t\t\t\t\t\t\t\t<\/li>\n\t\t\t\t\t\t\t\t<li class=\"elementor-icon-list-item\">\n\t\t\t\t\t\t\t\t\t\t\t<span class=\"elementor-icon-list-icon\">\n\t\t\t\t\t\t\t<i aria-hidden=\"true\" class=\"fas fa-check\"><\/i>\t\t\t\t\t\t<\/span>\n\t\t\t\t\t\t\t\t\t\t<span class=\"elementor-icon-list-text\">Ajoutez et modifiez vos produits<\/span>\n\t\t\t\t\t\t\t\t\t<\/li>\n\t\t\t\t\t\t\t\t<li class=\"elementor-icon-list-item\">\n\t\t\t\t\t\t\t\t\t\t\t<span class=\"elementor-icon-list-icon\">\n\t\t\t\t\t\t\t<i aria-hidden=\"true\" class=\"fas fa-check\"><\/i>\t\t\t\t\t\t<\/span>\n\t\t\t\t\t\t\t\t\t\t<span class=\"elementor-icon-list-text\">Modifiez des donn\u00e9es clients<\/span>\n\t\t\t\t\t\t\t\t\t<\/li>\n\t\t\t\t\t\t\t\t<li class=\"elementor-icon-list-item\">\n\t\t\t\t\t\t\t\t\t\t\t<span class=\"elementor-icon-list-icon\">\n\t\t\t\t\t\t\t<i aria-hidden=\"true\" class=\"fas fa-check\"><\/i>\t\t\t\t\t\t<\/span>\n\t\t\t\t\t\t\t\t\t\t<span class=\"elementor-icon-list-text\">Modifiez vos prix<\/span>\n\t\t\t\t\t\t\t\t\t<\/li>\n\t\t\t\t\t\t\t\t<li class=\"elementor-icon-list-item\">\n\t\t\t\t\t\t\t\t\t\t\t<span class=\"elementor-icon-list-icon\">\n\t\t\t\t\t\t\t<i aria-hidden=\"true\" class=\"fas fa-check\"><\/i>\t\t\t\t\t\t<\/span>\n\t\t\t\t\t\t\t\t\t\t<span class=\"elementor-icon-list-text\">Gardez un \u0153il sur votre tr\u00e9sorerie<\/span>\n\t\t\t\t\t\t\t\t\t<\/li>\n\t\t\t\t\t\t\t\t<li class=\"elementor-icon-list-item\">\n\t\t\t\t\t\t\t\t\t\t\t<span class=\"elementor-icon-list-icon\">\n\t\t\t\t\t\t\t<i aria-hidden=\"true\" class=\"fas fa-check\"><\/i>\t\t\t\t\t\t<\/span>\n\t\t\t\t\t\t\t\t\t\t<span class=\"elementor-icon-list-text\">Suivez les horaires de vos salari\u00e9s<\/span>\n\t\t\t\t\t\t\t\t\t<\/li>\n\t\t\t\t\t\t\t\t<li class=\"elementor-icon-list-item\">\n\t\t\t\t\t\t\t\t\t\t\t<span class=\"elementor-icon-list-icon\">\n\t\t\t\t\t\t\t<i aria-hidden=\"true\" class=\"fas fa-check\"><\/i>\t\t\t\t\t\t<\/span>\n\t\t\t\t\t\t\t\t\t\t<span class=\"elementor-icon-list-text\">Gestion de caisse enregistreuse \u00e0 distance<\/span>\n\t\t\t\t\t\t\t\t\t<\/li>\n\t\t\t\t\t\t<\/ul>\n\t\t\t\t<\/div>\n\t\t\t\t<\/div>\n\t\t\t\t<div class=\"elementor-element elementor-element-1470615 aux-appear-watch-animation aux-fade-in-right elementor-widget elementor-widget-aux_button\" data-id=\"1470615\" data-element_type=\"widget\" data-widget_type=\"aux_button.default\">\n\t\t\t\t<div class=\"elementor-widget-container\">\n\t\t\t<a  href=\"https:\/\/ready4pos.fr\/index.php\/contact\/\" target=\"_self\"   class=\"aux-button aux-medium aux-carmine-pink aux-curve aux-none aux-uppercase\" ><span class=\"aux-overlay\"><\/span><span class=\"aux-text\">Demo &amp; devis gratuit<\/span><\/a>\t\t<\/div>\n\t\t\t\t<\/div>\n\t\t\t\t\t<\/div>\n\t\t<\/div>\n\t\t\t\t<div class=\"aux-parallax-section elementor-column elementor-col-50 elementor-top-column elementor-element elementor-element-f7825a0 aux-appear-watch-animation aux-mask-from-left\" data-id=\"f7825a0\" data-element_type=\"column\">\n\t\t\t<div class=\"elementor-widget-wrap elementor-element-populated\">\n\t\t\t\t\t\t<div class=\"elementor-element elementor-element-3574bdc elementor-widget elementor-widget-aux_image\" data-id=\"3574bdc\" data-element_type=\"widget\" data-widget_type=\"aux_image.default\">\n\t\t\t\t<div class=\"elementor-widget-container\">\n\t\t\t<section class=\"widget-container aux-widget-image aux-alignnone aux-parent-au22b4bae4\">\n    <div class=\"aux-media-hint-frame \">\n        <div class=\"aux-media-image \" >\n        \n            \n\n            \n            <img fetchpriority=\"high\" decoding=\"async\" width=\"770\" height=\"539\" src=\"data:image\/gif;base64,R0lGODlhAQABAIAAAAAAAP\/\/\/yH5BAEAAAAALAAAAAABAAEAAAIBRAA7\" class=\"aux-attachment aux-featured-image aux-attachment-id-840 aux-preload aux-blank\" alt=\"interface backoffice restomax caisse enregistreuse\" data-ratio=\"1.36\" data-original-w=\"770\" sizes=\"auto\" data-srcset=\"https:\/\/ready4pos.fr\/wp-content\/uploads\/2024\/06\/backoffice-restomax-caisse-enregistreuse-770x539-1-150x110.png 150w,https:\/\/ready4pos.fr\/wp-content\/uploads\/2024\/06\/backoffice-restomax-caisse-enregistreuse-770x539-1-300x221.png 300w,https:\/\/ready4pos.fr\/wp-content\/uploads\/2024\/06\/backoffice-restomax-caisse-enregistreuse-770x539-1-768x566.png 768w,https:\/\/ready4pos.fr\/wp-content\/uploads\/2024\/06\/backoffice-restomax-caisse-enregistreuse-770x539-1-858x632.png 770w\" data-src=\"https:\/\/ready4pos.fr\/wp-content\/uploads\/2024\/06\/backoffice-restomax-caisse-enregistreuse-770x539-1-858x632.png\" \/>            \n                <\/div>\n    <\/div>\n\n<\/section><!-- widget-container -->\t\t<\/div>\n\t\t\t\t<\/div>\n\t\t\t\t\t<\/div>\n\t\t<\/div>\n\t\t\t\t\t<\/div>\n\t\t<\/section>\n\t\t\t\t<section class=\"elementor-section elementor-top-section elementor-element elementor-element-7622bad elementor-section-boxed elementor-section-height-default elementor-section-height-default\" data-id=\"7622bad\" data-element_type=\"section\" data-settings=\"{&quot;background_background&quot;:&quot;classic&quot;}\">\n\t\t\t\t\t\t\t<div class=\"elementor-background-overlay\"><\/div>\n\t\t\t\t\t\t\t<div class=\"elementor-container elementor-column-gap-default\">\n\t\t\t\t\t<div class=\"aux-parallax-section elementor-column elementor-col-100 elementor-top-column elementor-element elementor-element-25ef0a1\" data-id=\"25ef0a1\" data-element_type=\"column\">\n\t\t\t<div class=\"elementor-widget-wrap elementor-element-populated\">\n\t\t\t\t\t\t<div class=\"elementor-element elementor-element-2215286 aux-appear-watch-animation aux-fade-in-up elementor-widget elementor-widget-aux_modern_heading\" data-id=\"2215286\" data-element_type=\"widget\" data-widget_type=\"aux_modern_heading.default\">\n\t\t\t\t<div class=\"elementor-widget-container\">\n\t\t\t<section class=\"aux-widget-modern-heading\">\n            <div class=\"aux-widget-inner\"><h6 class=\"aux-modern-heading-primary\"><\/h6><h3 class=\"aux-modern-heading-secondary\"><span class=\"aux-head-before\">Les fonctionnalit\u00e9s de la caisse enregistreuse<\/span><\/h3><\/div>\n        <\/section>\t\t<\/div>\n\t\t\t\t<\/div>\n\t\t\t\t<div class=\"elementor-element elementor-element-084f3b9 aux-appear-watch-animation aux-fade-in-right elementor-widget elementor-widget-text-editor\" data-id=\"084f3b9\" data-element_type=\"widget\" data-widget_type=\"text-editor.default\">\n\t\t\t\t<div class=\"elementor-widget-container\">\n\t\t\t\t\t\t\t<div class=\"aux-bus2-title-divider\">\u00a0<\/div>\t\t\t\t\t\t<\/div>\n\t\t\t\t<\/div>\n\t\t\t\t<section class=\"elementor-section elementor-inner-section elementor-element elementor-element-bc5150e elementor-section-boxed elementor-section-height-default elementor-section-height-default\" data-id=\"bc5150e\" data-element_type=\"section\">\n\t\t\t\t\t\t<div class=\"elementor-container elementor-column-gap-default\">\n\t\t\t\t\t<div class=\"aux-parallax-section elementor-column elementor-col-33 elementor-inner-column elementor-element elementor-element-f3cf701 aux-appear-watch-animation aux-fade-in-right-1\" data-id=\"f3cf701\" data-element_type=\"column\">\n\t\t\t<div class=\"elementor-widget-wrap elementor-element-populated\">\n\t\t\t\t\t\t<div class=\"elementor-element elementor-element-74e1fc7 elementor-widget elementor-widget-aux_text\" data-id=\"74e1fc7\" data-element_type=\"widget\" data-widget_type=\"aux_text.default\">\n\t\t\t\t<div class=\"elementor-widget-container\">\n\t\t\t<section class=\"widget-container aux-widget-text aux-parent-au41eb929c\">        <div class=\"aux-widget-advanced-text aux-wrap-style-simple aux-ico-pos-top aux-text- aux-text-resp- aux-text-color-dark aux-text-widget-bg-center  \" >\n        \n                            <div class=\"aux-text-widget-header \"  >\n                        <div class=\"aux-ico-box aux-ico-large aux-ico-shape-circle aux-ico-clear \">\n                                                            <span class=\"aux-ico fas fa-money-bill-wave\" > <\/span>\n                                                    <\/div>\n                <\/div>\n            \n            <div class=\"aux-text-inner aux-text-widget-content\">\n                                <h4 class=\"col-title\">Un budget adapt\u00e9 \u00e0 vos besoins<\/h4>\n                                <div class=\"widget-content\">\n                                        <p>RESTOMAX vous propose des tarifs adapt\u00e9s \u00e0 vos besoins pour ses produits. Vous ne trouverez pas la m\u00eame qualit\u00e9 d'offre \u00e0 un prix inf\u00e9rieur.<\/p>                <\/div>\n                            <\/div>\n        <\/div>\n                    <div class=\"aux-text-widget-footer\">\n                <div class=\"aux-border-shape-none \">\n                                <\/div>\n            <\/div>\n        \n<\/section><!-- widget-container -->\t\t<\/div>\n\t\t\t\t<\/div>\n\t\t\t\t\t<\/div>\n\t\t<\/div>\n\t\t\t\t<div class=\"aux-parallax-section elementor-column elementor-col-33 elementor-inner-column elementor-element elementor-element-4a7e3d9 aux-appear-watch-animation aux-fade-in-right-1\" data-id=\"4a7e3d9\" data-element_type=\"column\">\n\t\t\t<div class=\"elementor-widget-wrap elementor-element-populated\">\n\t\t\t\t\t\t<div class=\"elementor-element elementor-element-1e043c4 elementor-widget elementor-widget-aux_text\" data-id=\"1e043c4\" data-element_type=\"widget\" data-widget_type=\"aux_text.default\">\n\t\t\t\t<div class=\"elementor-widget-container\">\n\t\t\t<section class=\"widget-container aux-widget-text aux-parent-au63bbed20\">        <div class=\"aux-widget-advanced-text aux-wrap-style-simple aux-ico-pos-top aux-text- aux-text-resp- aux-text-color-dark aux-text-widget-bg-center  \" >\n        \n                            <div class=\"aux-text-widget-header \"  >\n                        <div class=\"aux-ico-box aux-ico-large aux-ico-shape-circle aux-ico-clear \">\n                                                            <span class=\"aux-ico fas fa-hands\" > <\/span>\n                                                    <\/div>\n                <\/div>\n            \n            <div class=\"aux-text-inner aux-text-widget-content\">\n                                <h4 class=\"col-title\">Un \u00e9cosyst\u00e8me complet<\/h4>\n                                <div class=\"widget-content\">\n                                        <div class=\"col-md-6 col-lg-4\"><div class=\"box box--flex box--small-radius aos-init aos-animate\" data-aos=\"fade-in\"><div class=\"small-text\">Avec RESTOMAX, vous acc\u00e9dez \u00e0 des solutions int\u00e9gr\u00e9es pour am\u00e9liorer votre efficacit\u00e9 : prise de commande en salle, bornes de commandes, QR code, impressions d\u00e9port\u00e9es, plans de salle 3D, connexion Uber Eats\/Deliveroo, back office web...<\/div><\/div><\/div>                <\/div>\n                            <\/div>\n        <\/div>\n                    <div class=\"aux-text-widget-footer\">\n                <div class=\"aux-border-shape-none \">\n                                <\/div>\n            <\/div>\n        \n<\/section><!-- widget-container -->\t\t<\/div>\n\t\t\t\t<\/div>\n\t\t\t\t\t<\/div>\n\t\t<\/div>\n\t\t\t\t<div class=\"aux-parallax-section elementor-column elementor-col-33 elementor-inner-column elementor-element elementor-element-057c44a aux-appear-watch-animation aux-fade-in-right-1\" data-id=\"057c44a\" data-element_type=\"column\">\n\t\t\t<div class=\"elementor-widget-wrap elementor-element-populated\">\n\t\t\t\t\t\t<div class=\"elementor-element elementor-element-ec28e7e elementor-widget elementor-widget-aux_text\" data-id=\"ec28e7e\" data-element_type=\"widget\" data-widget_type=\"aux_text.default\">\n\t\t\t\t<div class=\"elementor-widget-container\">\n\t\t\t<section class=\"widget-container aux-widget-text aux-parent-au4d53fbe0\">        <div class=\"aux-widget-advanced-text aux-wrap-style-simple aux-ico-pos-top aux-text- aux-text-resp- aux-text-color-dark aux-text-widget-bg-center  \" >\n        \n                            <div class=\"aux-text-widget-header \"  >\n                        <div class=\"aux-ico-box aux-ico-large aux-ico-shape-circle aux-ico-clear \">\n                                                            <span class=\"aux-ico auxicon auxicon-time\" > <\/span>\n                                                    <\/div>\n                <\/div>\n            \n            <div class=\"aux-text-inner aux-text-widget-content\">\n                                <h4 class=\"col-title\">Facile &amp; gain de temps<\/h4>\n                                <div class=\"widget-content\">\n                                        <p>Les produits RESTOMAX sont tr\u00e8s faciles d'utilisation et vous observerez vite l'\u00e9norme gain de temps qu'ils vous procureront ! Notre support 7\/7j est disponible en cas de p\u00e9pins.<\/p>                <\/div>\n                            <\/div>\n        <\/div>\n                    <div class=\"aux-text-widget-footer\">\n                <div class=\"aux-border-shape-none \">\n                                <\/div>\n            <\/div>\n        \n<\/section><!-- widget-container -->\t\t<\/div>\n\t\t\t\t<\/div>\n\t\t\t\t\t<\/div>\n\t\t<\/div>\n\t\t\t\t\t<\/div>\n\t\t<\/section>\n\t\t\t\t\t<\/div>\n\t\t<\/div>\n\t\t\t\t\t<\/div>\n\t\t<\/section>\n\t\t\t\t<\/div>\n\t\t","protected":false},"excerpt":{"rendered":"<p>Back office \u00a0 Avec le backoffice WEB, profitez d&rsquo;une gestion de caisse enregistreuse \u00e0 distance avec un acc\u00e8s\u00a0en temps r\u00e9el \u00e0 toutes les donn\u00e9es statistiques li\u00e9es \u00e0 votre caisse enregistreuse, votre borne de commande et\/ou votre service de Click &amp; Collect. Cela\u00a0vous permet une gestion pr\u00e9cise et ais\u00e9e de vos ventes\u00a0et de r\u00e9colter, des informations [&hellip;]<\/p>\n","protected":false},"author":1,"featured_media":0,"parent":0,"menu_order":0,"comment_status":"closed","ping_status":"closed","template":"","meta":{"footnotes":""},"class_list":["post-838","page","type-page","status-publish","hentry"],"yoast_head":"<!-- This site is optimized with the Yoast SEO plugin v24.0 - https:\/\/yoast.com\/wordpress\/plugins\/seo\/ -->\n<title>Gestion de caisse enregistreuse \u00e0 distance - Ready4POS<\/title>\n<meta name=\"description\" content=\"G\u00e9rez votre restaurant efficacement avec Ready4Pos : gestion de caisse enregistreuse \u00e0 distance, suivi en temps r\u00e9el et ajustements rapides.\" \/>\n<meta name=\"robots\" content=\"index, follow, max-snippet:-1, max-image-preview:large, max-video-preview:-1\" \/>\n<link rel=\"canonical\" href=\"https:\/\/ready4pos.fr\/index.php\/back-office\/\" \/>\n<meta property=\"og:locale\" content=\"fr_FR\" \/>\n<meta property=\"og:type\" content=\"article\" \/>\n<meta property=\"og:title\" content=\"Gestion de caisse enregistreuse \u00e0 distance - Ready4POS\" \/>\n<meta property=\"og:description\" content=\"G\u00e9rez votre restaurant efficacement avec Ready4Pos : gestion de caisse enregistreuse \u00e0 distance, suivi en temps r\u00e9el et ajustements rapides.\" \/>\n<meta property=\"og:url\" content=\"https:\/\/ready4pos.fr\/index.php\/back-office\/\" \/>\n<meta property=\"og:site_name\" content=\"Ready4POS\" \/>\n<meta property=\"article:modified_time\" content=\"2024-10-07T13:17:50+00:00\" \/>\n<meta name=\"twitter:card\" content=\"summary_large_image\" \/>\n<meta name=\"twitter:label1\" content=\"Dur\u00e9e de lecture estim\u00e9e\" \/>\n\t<meta name=\"twitter:data1\" content=\"2 minutes\" \/>\n<script type=\"application\/ld+json\" class=\"yoast-schema-graph\">{\"@context\":\"https:\/\/schema.org\",\"@graph\":[{\"@type\":\"WebPage\",\"@id\":\"https:\/\/ready4pos.fr\/index.php\/back-office\/\",\"url\":\"https:\/\/ready4pos.fr\/index.php\/back-office\/\",\"name\":\"Gestion de caisse enregistreuse \u00e0 distance - Ready4POS\",\"isPartOf\":{\"@id\":\"https:\/\/ready4pos.fr\/#website\"},\"datePublished\":\"2024-06-04T12:50:59+00:00\",\"dateModified\":\"2024-10-07T13:17:50+00:00\",\"description\":\"G\u00e9rez votre restaurant efficacement avec Ready4Pos : gestion de caisse enregistreuse \u00e0 distance, suivi en temps r\u00e9el et ajustements rapides.\",\"breadcrumb\":{\"@id\":\"https:\/\/ready4pos.fr\/index.php\/back-office\/#breadcrumb\"},\"inLanguage\":\"fr-FR\",\"potentialAction\":[{\"@type\":\"ReadAction\",\"target\":[\"https:\/\/ready4pos.fr\/index.php\/back-office\/\"]}]},{\"@type\":\"BreadcrumbList\",\"@id\":\"https:\/\/ready4pos.fr\/index.php\/back-office\/#breadcrumb\",\"itemListElement\":[{\"@type\":\"ListItem\",\"position\":1,\"name\":\"Accueil\",\"item\":\"https:\/\/ready4pos.fr\/\"},{\"@type\":\"ListItem\",\"position\":2,\"name\":\"Back office\"}]},{\"@type\":\"WebSite\",\"@id\":\"https:\/\/ready4pos.fr\/#website\",\"url\":\"https:\/\/ready4pos.fr\/\",\"name\":\"Ready4POS\",\"description\":\"Digitalisez vos points de vente\",\"publisher\":{\"@id\":\"https:\/\/ready4pos.fr\/#organization\"},\"potentialAction\":[{\"@type\":\"SearchAction\",\"target\":{\"@type\":\"EntryPoint\",\"urlTemplate\":\"https:\/\/ready4pos.fr\/?s={search_term_string}\"},\"query-input\":{\"@type\":\"PropertyValueSpecification\",\"valueRequired\":true,\"valueName\":\"search_term_string\"}}],\"inLanguage\":\"fr-FR\"},{\"@type\":\"Organization\",\"@id\":\"https:\/\/ready4pos.fr\/#organization\",\"name\":\"Ready4POS\",\"url\":\"https:\/\/ready4pos.fr\/\",\"logo\":{\"@type\":\"ImageObject\",\"inLanguage\":\"fr-FR\",\"@id\":\"https:\/\/ready4pos.fr\/#\/schema\/logo\/image\/\",\"url\":\"https:\/\/ready4pos.fr\/wp-content\/uploads\/2024\/04\/cropped-LOGO_READY-4-POS-1.png\",\"contentUrl\":\"https:\/\/ready4pos.fr\/wp-content\/uploads\/2024\/04\/cropped-LOGO_READY-4-POS-1.png\",\"width\":150,\"height\":80,\"caption\":\"Ready4POS\"},\"image\":{\"@id\":\"https:\/\/ready4pos.fr\/#\/schema\/logo\/image\/\"}}]}<\/script>\n<!-- \/ Yoast SEO plugin. -->","yoast_head_json":{"title":"Gestion de caisse enregistreuse \u00e0 distance - Ready4POS","description":"G\u00e9rez votre restaurant efficacement avec Ready4Pos : gestion de caisse enregistreuse \u00e0 distance, suivi en temps r\u00e9el et ajustements rapides.","robots":{"index":"index","follow":"follow","max-snippet":"max-snippet:-1","max-image-preview":"max-image-preview:large","max-video-preview":"max-video-preview:-1"},"canonical":"https:\/\/ready4pos.fr\/index.php\/back-office\/","og_locale":"fr_FR","og_type":"article","og_title":"Gestion de caisse enregistreuse \u00e0 distance - Ready4POS","og_description":"G\u00e9rez votre restaurant efficacement avec Ready4Pos : gestion de caisse enregistreuse \u00e0 distance, suivi en temps r\u00e9el et ajustements rapides.","og_url":"https:\/\/ready4pos.fr\/index.php\/back-office\/","og_site_name":"Ready4POS","article_modified_time":"2024-10-07T13:17:50+00:00","twitter_card":"summary_large_image","twitter_misc":{"Dur\u00e9e de lecture estim\u00e9e":"2 minutes"},"schema":{"@context":"https:\/\/schema.org","@graph":[{"@type":"WebPage","@id":"https:\/\/ready4pos.fr\/index.php\/back-office\/","url":"https:\/\/ready4pos.fr\/index.php\/back-office\/","name":"Gestion de caisse enregistreuse \u00e0 distance - Ready4POS","isPartOf":{"@id":"https:\/\/ready4pos.fr\/#website"},"datePublished":"2024-06-04T12:50:59+00:00","dateModified":"2024-10-07T13:17:50+00:00","description":"G\u00e9rez votre restaurant efficacement avec Ready4Pos : gestion de caisse enregistreuse \u00e0 distance, suivi en temps r\u00e9el et ajustements rapides.","breadcrumb":{"@id":"https:\/\/ready4pos.fr\/index.php\/back-office\/#breadcrumb"},"inLanguage":"fr-FR","potentialAction":[{"@type":"ReadAction","target":["https:\/\/ready4pos.fr\/index.php\/back-office\/"]}]},{"@type":"BreadcrumbList","@id":"https:\/\/ready4pos.fr\/index.php\/back-office\/#breadcrumb","itemListElement":[{"@type":"ListItem","position":1,"name":"Accueil","item":"https:\/\/ready4pos.fr\/"},{"@type":"ListItem","position":2,"name":"Back office"}]},{"@type":"WebSite","@id":"https:\/\/ready4pos.fr\/#website","url":"https:\/\/ready4pos.fr\/","name":"Ready4POS","description":"Digitalisez vos points de vente","publisher":{"@id":"https:\/\/ready4pos.fr\/#organization"},"potentialAction":[{"@type":"SearchAction","target":{"@type":"EntryPoint","urlTemplate":"https:\/\/ready4pos.fr\/?s={search_term_string}"},"query-input":{"@type":"PropertyValueSpecification","valueRequired":true,"valueName":"search_term_string"}}],"inLanguage":"fr-FR"},{"@type":"Organization","@id":"https:\/\/ready4pos.fr\/#organization","name":"Ready4POS","url":"https:\/\/ready4pos.fr\/","logo":{"@type":"ImageObject","inLanguage":"fr-FR","@id":"https:\/\/ready4pos.fr\/#\/schema\/logo\/image\/","url":"https:\/\/ready4pos.fr\/wp-content\/uploads\/2024\/04\/cropped-LOGO_READY-4-POS-1.png","contentUrl":"https:\/\/ready4pos.fr\/wp-content\/uploads\/2024\/04\/cropped-LOGO_READY-4-POS-1.png","width":150,"height":80,"caption":"Ready4POS"},"image":{"@id":"https:\/\/ready4pos.fr\/#\/schema\/logo\/image\/"}}]}},"_links":{"self":[{"href":"https:\/\/ready4pos.fr\/index.php\/wp-json\/wp\/v2\/pages\/838","targetHints":{"allow":["GET"]}}],"collection":[{"href":"https:\/\/ready4pos.fr\/index.php\/wp-json\/wp\/v2\/pages"}],"about":[{"href":"https:\/\/ready4pos.fr\/index.php\/wp-json\/wp\/v2\/types\/page"}],"author":[{"embeddable":true,"href":"https:\/\/ready4pos.fr\/index.php\/wp-json\/wp\/v2\/users\/1"}],"replies":[{"embeddable":true,"href":"https:\/\/ready4pos.fr\/index.php\/wp-json\/wp\/v2\/comments?post=838"}],"version-history":[{"count":16,"href":"https:\/\/ready4pos.fr\/index.php\/wp-json\/wp\/v2\/pages\/838\/revisions"}],"predecessor-version":[{"id":1770,"href":"https:\/\/ready4pos.fr\/index.php\/wp-json\/wp\/v2\/pages\/838\/revisions\/1770"}],"wp:attachment":[{"href":"https:\/\/ready4pos.fr\/index.php\/wp-json\/wp\/v2\/media?parent=838"}],"curies":[{"name":"wp","href":"https:\/\/api.w.org\/{rel}","templated":true}]}}